{"id":336,"date":"2023-02-13T10:52:57","date_gmt":"2023-02-13T10:52:57","guid":{"rendered":"https:\/\/www.redcolmena.com\/web\/?page_id=336"},"modified":"2024-03-06T15:19:23","modified_gmt":"2024-03-06T15:19:23","slug":"programacion-fullstack","status":"publish","type":"page","link":"https:\/\/www.redcolmena.com\/web\/servicios\/programacion-fullstack\/","title":{"rendered":"Programaci\u00f3n Fullstack"},"content":{"rendered":"\t\t<div data-elementor-type=\"wp-page\" data-elementor-id=\"336\" class=\"elementor elementor-336\" data-elementor-post-type=\"page\">\n\t\t\t\t\t\t<section class=\"elementor-section elementor-top-section elementor-element elementor-element-6eea61a1 elementor-section-boxed elementor-section-height-default elementor-section-height-default\" data-id=\"6eea61a1\" data-element_type=\"section\" data-e-type=\"section\" data-settings=\"{&quot;background_background&quot;:&quot;gradient&quot;}\">\n\t\t\t\t\t\t<div class=\"elementor-container elementor-column-gap-default\">\n\t\t\t\t\t<div class=\"aux-parallax-section elementor-column elementor-col-50 elementor-top-column elementor-element elementor-element-41d9b337\" data-id=\"41d9b337\" data-element_type=\"column\" data-e-type=\"column\">\n\t\t\t<div class=\"elementor-widget-wrap elementor-element-populated\">\n\t\t\t\t\t\t<div class=\"elementor-element elementor-element-6e585b4f aux-appear-watch-animation aux-slide-from-left elementor-widget elementor-widget-aux_modern_heading\" data-id=\"6e585b4f\" data-element_type=\"widget\" data-e-type=\"widget\" data-widget_type=\"aux_modern_heading.default\">\n\t\t\t\t<div class=\"elementor-widget-container\">\n\t\t\t\t\t<section class=\"aux-widget-modern-heading\">\n            <div class=\"aux-widget-inner\"><h4 class=\"aux-modern-heading-primary\">Desarrollo de aplicaciones <span style=\"color:#a5a718\">  y sitios web utilizando diferentes tecnolog\u00edas<\/span><\/h4><h1 class=\"aux-modern-heading-secondary\"><span class=\"aux-head-before\">Programaci\u00f3n   <span style=\"color:#a5a718\"> Fullstack<\/span><\/span><\/h1><div class=\"aux-modern-heading-description\"><p>Red Colmena ofrece un servicio integral de Programaci\u00f3n Fullstack para ayudar a las empresas a desarrollar y mantener aplicaciones y servicios en l\u00ednea.<\/p><p>Nuestro equipo de desarrolladores experimentados combina conocimiento y habilidades para brindar soluciones de programaci\u00f3n de alta calidad que se adapten a las necesidades y objetivos espec\u00edficos de nuestros clientes.<\/p><p>Desde la planificaci\u00f3n y dise\u00f1o hasta la implementaci\u00f3n y mantenimiento, trabajamos juntos para asegurar que nuestros clientes reciban una soluci\u00f3n completa y efectiva.<\/p><\/div><\/div>\n        <\/section>\t\t\t\t<\/div>\n\t\t\t\t<\/div>\n\t\t\t\t\t<\/div>\n\t\t<\/div>\n\t\t\t\t<div class=\"aux-parallax-section elementor-column elementor-col-50 elementor-top-column elementor-element elementor-element-5ca279f3\" data-id=\"5ca279f3\" data-element_type=\"column\" data-e-type=\"column\">\n\t\t\t<div class=\"elementor-widget-wrap elementor-element-populated\">\n\t\t\t\t\t\t<div class=\"elementor-element elementor-element-5f4c89da aux-appear-watch-animation aux-slide-from-right elementor-widget elementor-widget-image\" data-id=\"5f4c89da\" data-element_type=\"widget\" data-e-type=\"widget\" data-widget_type=\"image.default\">\n\t\t\t\t<div class=\"elementor-widget-container\">\n\t\t\t\t\t\t\t\t\t\t\t\t\t\t\t<img fetchpriority=\"high\" decoding=\"async\" width=\"702\" height=\"612\" src=\"https:\/\/www.redcolmena.com\/web\/wp-content\/uploads\/2023\/02\/RedColmena_0005_Programacion.png\" class=\"attachment-large size-large wp-image-625\" alt=\"\" \/>\t\t\t\t\t\t\t\t\t\t\t\t\t\t\t<\/div>\n\t\t\t\t<\/div>\n\t\t\t\t\t<\/div>\n\t\t<\/div>\n\t\t\t\t\t<\/div>\n\t\t<\/section>\n\t\t\t\t<section class=\"elementor-section elementor-top-section elementor-element elementor-element-37adeaff elementor-section-boxed elementor-section-height-default elementor-section-height-default\" data-id=\"37adeaff\" data-element_type=\"section\" data-e-type=\"section\" data-settings=\"{&quot;background_background&quot;:&quot;classic&quot;}\">\n\t\t\t\t\t\t<div class=\"elementor-container elementor-column-gap-default\">\n\t\t\t\t\t<div class=\"aux-parallax-section elementor-column elementor-col-100 elementor-top-column elementor-element elementor-element-5e5dc94c\" data-id=\"5e5dc94c\" data-element_type=\"column\" data-e-type=\"column\">\n\t\t\t<div class=\"elementor-widget-wrap elementor-element-populated\">\n\t\t\t\t\t\t<div class=\"elementor-element elementor-element-1d2ee53e aux-appear-watch-animation aux-slide-from-left elementor-widget elementor-widget-aux_modern_heading\" data-id=\"1d2ee53e\" data-element_type=\"widget\" data-e-type=\"widget\" data-widget_type=\"aux_modern_heading.default\">\n\t\t\t\t<div class=\"elementor-widget-container\">\n\t\t\t\t\t<section class=\"aux-widget-modern-heading\">\n            <div class=\"aux-widget-inner\"><h1 class=\"aux-modern-heading-primary\">\u00bfCOMENZAMOS A <span style=\"color:white\">TRABAJAR?<\/span><\/h1><h2 class=\"aux-modern-heading-secondary\"><span class=\"aux-head-before\">Empieza hoy tu nuevo <span style=\"color:white\"> proyecto<span><\/span><\/h2><\/div>\n        <\/section>\t\t\t\t<\/div>\n\t\t\t\t<\/div>\n\t\t\t\t<div class=\"elementor-element elementor-element-47390367 elementor-widget__width-auto elementor-align-center aux-appear-watch-animation aux-slide-from-right elementor-widget elementor-widget-button\" data-id=\"47390367\" data-element_type=\"widget\" data-e-type=\"widget\" data-widget_type=\"button.default\">\n\t\t\t\t<div class=\"elementor-widget-container\">\n\t\t\t\t\t\t\t\t\t<div class=\"elementor-button-wrapper\">\n\t\t\t\t\t<a class=\"elementor-button elementor-button-link elementor-size-lg\" href=\"https:\/\/www.redcolmena.com\/web\/contacto\/\">\n\t\t\t\t\t\t<span class=\"elementor-button-content-wrapper\">\n\t\t\t\t\t\t\t\t\t<span class=\"elementor-button-text\">Agendar una reuni\u00f3n<\/span>\n\t\t\t\t\t<\/span>\n\t\t\t\t\t<\/a>\n\t\t\t\t<\/div>\n\t\t\t\t\t\t\t\t<\/div>\n\t\t\t\t<\/div>\n\t\t\t\t\t<\/div>\n\t\t<\/div>\n\t\t\t\t\t<\/div>\n\t\t<\/section>\n\t\t\t\t<\/div>\n\t\t","protected":false},"excerpt":{"rendered":"<p>Desarrollo de aplicaciones y sitios web utilizando diferentes tecnolog\u00edas Programaci\u00f3n Fullstack Red Colmena ofrece un servicio integral de Programaci\u00f3n Fullstack para ayudar a las empresas a desarrollar y mantener aplicaciones y servicios en l\u00ednea. Nuestro equipo de desarrolladores experimentados combina conocimiento y habilidades para brindar soluciones de programaci\u00f3n de alta calidad que se adapten a [&hellip;]<\/p>\n","protected":false},"author":1,"featured_media":0,"parent":334,"menu_order":0,"comment_status":"closed","ping_status":"closed","template":"elementor_header_footer","meta":{"footnotes":""},"class_list":["post-336","page","type-page","status-publish","hentry"],"yoast_head":"<!-- This site is optimized with the Yoast SEO plugin v27.0 - https:\/\/yoast.com\/product\/yoast-seo-wordpress\/ -->\n<title>Programaci\u00f3n Fullstack - Red Colmena<\/title>\n<meta name=\"description\" content=\"Red Colmena ofrece un servicio integral de Programaci\u00f3n Fullstack para ayudar a las empresas a desarrollar y mantener aplicaciones\" \/>\n<meta name=\"robots\" content=\"index, follow, max-snippet:-1, max-image-preview:large, max-video-preview:-1\" \/>\n<link rel=\"canonical\" href=\"https:\/\/www.redcolmena.com\/web\/servicios\/programacion-fullstack\/\" \/>\n<meta property=\"og:locale\" content=\"es_ES\" \/>\n<meta property=\"og:type\" content=\"article\" \/>\n<meta property=\"og:title\" content=\"Programaci\u00f3n Fullstack - Red Colmena\" \/>\n<meta property=\"og:description\" content=\"Red Colmena ofrece un servicio integral de Programaci\u00f3n Fullstack para ayudar a las empresas a desarrollar y mantener aplicaciones\" \/>\n<meta property=\"og:url\" content=\"https:\/\/www.redcolmena.com\/web\/servicios\/programacion-fullstack\/\" \/>\n<meta property=\"og:site_name\" content=\"Red Colmena\" \/>\n<meta property=\"article:modified_time\" content=\"2024-03-06T15:19:23+00:00\" \/>\n<meta property=\"og:image\" content=\"https:\/\/www.redcolmena.com\/web\/wp-content\/uploads\/2023\/02\/RedColmena_0005_Programacion.png\" \/>\n<meta name=\"twitter:card\" content=\"summary_large_image\" \/>\n<meta name=\"twitter:label1\" content=\"Tiempo de lectura\" \/>\n\t<meta name=\"twitter:data1\" content=\"1 minuto\" \/>\n<script type=\"application\/ld+json\" class=\"yoast-schema-graph\">{\"@context\":\"https:\/\/schema.org\",\"@graph\":[{\"@type\":\"WebPage\",\"@id\":\"https:\/\/www.redcolmena.com\/web\/servicios\/programacion-fullstack\/\",\"url\":\"https:\/\/www.redcolmena.com\/web\/servicios\/programacion-fullstack\/\",\"name\":\"Programaci\u00f3n Fullstack - Red Colmena\",\"isPartOf\":{\"@id\":\"https:\/\/www.redcolmena.com\/web\/#website\"},\"primaryImageOfPage\":{\"@id\":\"https:\/\/www.redcolmena.com\/web\/servicios\/programacion-fullstack\/#primaryimage\"},\"image\":{\"@id\":\"https:\/\/www.redcolmena.com\/web\/servicios\/programacion-fullstack\/#primaryimage\"},\"thumbnailUrl\":\"https:\/\/www.redcolmena.com\/web\/wp-content\/uploads\/2023\/02\/RedColmena_0005_Programacion.png\",\"datePublished\":\"2023-02-13T10:52:57+00:00\",\"dateModified\":\"2024-03-06T15:19:23+00:00\",\"description\":\"Red Colmena ofrece un servicio integral de Programaci\u00f3n Fullstack para ayudar a las empresas a desarrollar y mantener aplicaciones\",\"breadcrumb\":{\"@id\":\"https:\/\/www.redcolmena.com\/web\/servicios\/programacion-fullstack\/#breadcrumb\"},\"inLanguage\":\"es\",\"potentialAction\":[{\"@type\":\"ReadAction\",\"target\":[\"https:\/\/www.redcolmena.com\/web\/servicios\/programacion-fullstack\/\"]}]},{\"@type\":\"ImageObject\",\"inLanguage\":\"es\",\"@id\":\"https:\/\/www.redcolmena.com\/web\/servicios\/programacion-fullstack\/#primaryimage\",\"url\":\"https:\/\/www.redcolmena.com\/web\/wp-content\/uploads\/2023\/02\/RedColmena_0005_Programacion.png\",\"contentUrl\":\"https:\/\/www.redcolmena.com\/web\/wp-content\/uploads\/2023\/02\/RedColmena_0005_Programacion.png\",\"width\":702,\"height\":612},{\"@type\":\"BreadcrumbList\",\"@id\":\"https:\/\/www.redcolmena.com\/web\/servicios\/programacion-fullstack\/#breadcrumb\",\"itemListElement\":[{\"@type\":\"ListItem\",\"position\":1,\"name\":\"Portada\",\"item\":\"https:\/\/www.redcolmena.com\/web\/\"},{\"@type\":\"ListItem\",\"position\":2,\"name\":\"Servicios\",\"item\":\"https:\/\/www.redcolmena.com\/web\/servicios\/\"},{\"@type\":\"ListItem\",\"position\":3,\"name\":\"Programaci\u00f3n Fullstack\"}]},{\"@type\":\"WebSite\",\"@id\":\"https:\/\/www.redcolmena.com\/web\/#website\",\"url\":\"https:\/\/www.redcolmena.com\/web\/\",\"name\":\"Red Colmena\",\"description\":\"\",\"potentialAction\":[{\"@type\":\"SearchAction\",\"target\":{\"@type\":\"EntryPoint\",\"urlTemplate\":\"https:\/\/www.redcolmena.com\/web\/?s={search_term_string}\"},\"query-input\":{\"@type\":\"PropertyValueSpecification\",\"valueRequired\":true,\"valueName\":\"search_term_string\"}}],\"inLanguage\":\"es\"}]}<\/script>\n<!-- \/ Yoast SEO plugin. -->","yoast_head_json":{"title":"Programaci\u00f3n Fullstack - Red Colmena","description":"Red Colmena ofrece un servicio integral de Programaci\u00f3n Fullstack para ayudar a las empresas a desarrollar y mantener aplicaciones","robots":{"index":"index","follow":"follow","max-snippet":"max-snippet:-1","max-image-preview":"max-image-preview:large","max-video-preview":"max-video-preview:-1"},"canonical":"https:\/\/www.redcolmena.com\/web\/servicios\/programacion-fullstack\/","og_locale":"es_ES","og_type":"article","og_title":"Programaci\u00f3n Fullstack - Red Colmena","og_description":"Red Colmena ofrece un servicio integral de Programaci\u00f3n Fullstack para ayudar a las empresas a desarrollar y mantener aplicaciones","og_url":"https:\/\/www.redcolmena.com\/web\/servicios\/programacion-fullstack\/","og_site_name":"Red Colmena","article_modified_time":"2024-03-06T15:19:23+00:00","og_image":[{"url":"https:\/\/www.redcolmena.com\/web\/wp-content\/uploads\/2023\/02\/RedColmena_0005_Programacion.png","type":"","width":"","height":""}],"twitter_card":"summary_large_image","twitter_misc":{"Tiempo de lectura":"1 minuto"},"schema":{"@context":"https:\/\/schema.org","@graph":[{"@type":"WebPage","@id":"https:\/\/www.redcolmena.com\/web\/servicios\/programacion-fullstack\/","url":"https:\/\/www.redcolmena.com\/web\/servicios\/programacion-fullstack\/","name":"Programaci\u00f3n Fullstack - Red Colmena","isPartOf":{"@id":"https:\/\/www.redcolmena.com\/web\/#website"},"primaryImageOfPage":{"@id":"https:\/\/www.redcolmena.com\/web\/servicios\/programacion-fullstack\/#primaryimage"},"image":{"@id":"https:\/\/www.redcolmena.com\/web\/servicios\/programacion-fullstack\/#primaryimage"},"thumbnailUrl":"https:\/\/www.redcolmena.com\/web\/wp-content\/uploads\/2023\/02\/RedColmena_0005_Programacion.png","datePublished":"2023-02-13T10:52:57+00:00","dateModified":"2024-03-06T15:19:23+00:00","description":"Red Colmena ofrece un servicio integral de Programaci\u00f3n Fullstack para ayudar a las empresas a desarrollar y mantener aplicaciones","breadcrumb":{"@id":"https:\/\/www.redcolmena.com\/web\/servicios\/programacion-fullstack\/#breadcrumb"},"inLanguage":"es","potentialAction":[{"@type":"ReadAction","target":["https:\/\/www.redcolmena.com\/web\/servicios\/programacion-fullstack\/"]}]},{"@type":"ImageObject","inLanguage":"es","@id":"https:\/\/www.redcolmena.com\/web\/servicios\/programacion-fullstack\/#primaryimage","url":"https:\/\/www.redcolmena.com\/web\/wp-content\/uploads\/2023\/02\/RedColmena_0005_Programacion.png","contentUrl":"https:\/\/www.redcolmena.com\/web\/wp-content\/uploads\/2023\/02\/RedColmena_0005_Programacion.png","width":702,"height":612},{"@type":"BreadcrumbList","@id":"https:\/\/www.redcolmena.com\/web\/servicios\/programacion-fullstack\/#breadcrumb","itemListElement":[{"@type":"ListItem","position":1,"name":"Portada","item":"https:\/\/www.redcolmena.com\/web\/"},{"@type":"ListItem","position":2,"name":"Servicios","item":"https:\/\/www.redcolmena.com\/web\/servicios\/"},{"@type":"ListItem","position":3,"name":"Programaci\u00f3n Fullstack"}]},{"@type":"WebSite","@id":"https:\/\/www.redcolmena.com\/web\/#website","url":"https:\/\/www.redcolmena.com\/web\/","name":"Red Colmena","description":"","potentialAction":[{"@type":"SearchAction","target":{"@type":"EntryPoint","urlTemplate":"https:\/\/www.redcolmena.com\/web\/?s={search_term_string}"},"query-input":{"@type":"PropertyValueSpecification","valueRequired":true,"valueName":"search_term_string"}}],"inLanguage":"es"}]}},"_links":{"self":[{"href":"https:\/\/www.redcolmena.com\/web\/wp-json\/wp\/v2\/pages\/336","targetHints":{"allow":["GET"]}}],"collection":[{"href":"https:\/\/www.redcolmena.com\/web\/wp-json\/wp\/v2\/pages"}],"about":[{"href":"https:\/\/www.redcolmena.com\/web\/wp-json\/wp\/v2\/types\/page"}],"author":[{"embeddable":true,"href":"https:\/\/www.redcolmena.com\/web\/wp-json\/wp\/v2\/users\/1"}],"replies":[{"embeddable":true,"href":"https:\/\/www.redcolmena.com\/web\/wp-json\/wp\/v2\/comments?post=336"}],"version-history":[{"count":17,"href":"https:\/\/www.redcolmena.com\/web\/wp-json\/wp\/v2\/pages\/336\/revisions"}],"predecessor-version":[{"id":789,"href":"https:\/\/www.redcolmena.com\/web\/wp-json\/wp\/v2\/pages\/336\/revisions\/789"}],"up":[{"embeddable":true,"href":"https:\/\/www.redcolmena.com\/web\/wp-json\/wp\/v2\/pages\/334"}],"wp:attachment":[{"href":"https:\/\/www.redcolmena.com\/web\/wp-json\/wp\/v2\/media?parent=336"}],"curies":[{"name":"wp","href":"https:\/\/api.w.org\/{rel}","templated":true}]}}