{"id":338,"date":"2023-02-13T10:53:14","date_gmt":"2023-02-13T10:53:14","guid":{"rendered":"https:\/\/www.redcolmena.com\/web\/?page_id=338"},"modified":"2024-03-06T15:19:01","modified_gmt":"2024-03-06T15:19:01","slug":"aplicaciones-y-servicios-web","status":"publish","type":"page","link":"https:\/\/www.redcolmena.com\/web\/servicios\/aplicaciones-y-servicios-web\/","title":{"rendered":"Aplicaciones y Servicios Web"},"content":{"rendered":"\t\t<div data-elementor-type=\"wp-page\" data-elementor-id=\"338\" class=\"elementor elementor-338\" data-elementor-post-type=\"page\">\n\t\t\t\t\t\t<section class=\"elementor-section elementor-top-section elementor-element elementor-element-79734bbe elementor-section-boxed elementor-section-height-default elementor-section-height-default\" data-id=\"79734bbe\" data-element_type=\"section\" data-e-type=\"section\" data-settings=\"{&quot;background_background&quot;:&quot;gradient&quot;}\">\n\t\t\t\t\t\t<div class=\"elementor-container elementor-column-gap-default\">\n\t\t\t\t\t<div class=\"aux-parallax-section elementor-column elementor-col-50 elementor-top-column elementor-element elementor-element-72aebd23\" data-id=\"72aebd23\" data-element_type=\"column\" data-e-type=\"column\">\n\t\t\t<div class=\"elementor-widget-wrap elementor-element-populated\">\n\t\t\t\t\t\t<div class=\"elementor-element elementor-element-401dee91 aux-appear-watch-animation aux-slide-from-left elementor-widget elementor-widget-aux_modern_heading\" data-id=\"401dee91\" data-element_type=\"widget\" data-e-type=\"widget\" data-widget_type=\"aux_modern_heading.default\">\n\t\t\t\t<div class=\"elementor-widget-container\">\n\t\t\t\t\t<section class=\"aux-widget-modern-heading\">\n            <div class=\"aux-widget-inner\"><h4 class=\"aux-modern-heading-primary\">Desarrollo y mantenimiento   <span style=\"color:#a5a718\"> de aplicaciones y servicios en l\u00ednea.<\/span><\/h4><h1 class=\"aux-modern-heading-secondary\"><span class=\"aux-head-before\">Aplicaciones<span style=\"color:#a5a718\"> y Servicios Web <span><\/span><\/h1><div class=\"aux-modern-heading-description\"><p>Red Colmena ofrece un servicio integral de desarrollo y mantenimiento de aplicaciones y servicios en l\u00ednea para ayudar a las empresas a mejorar su presencia en l\u00ednea y aprovechar al m\u00e1ximo las ventajas de la tecnolog\u00eda. Con un equipo de expertos en tecnolog\u00eda, dise\u00f1o y marketing, Red Colmena puede ayudar a las empresas a desarrollar y mantener aplicaciones y servicios en l\u00ednea eficientes, intuitivos y escalables que cumplen con los requisitos y expectativas de sus usuarios.<\/p><p>El objetivo de Red Colmena es brindar un servicio de calidad y una soluci\u00f3n a largo plazo a sus clientes, y se esfuerza por mantenerse al d\u00eda con las \u00faltimas tendencias y tecnolog\u00edas en el desarrollo de aplicaciones y servicios en l\u00ednea.\u00a0<\/p><\/div><\/div>\n        <\/section>\t\t\t\t<\/div>\n\t\t\t\t<\/div>\n\t\t\t\t\t<\/div>\n\t\t<\/div>\n\t\t\t\t<div class=\"aux-parallax-section elementor-column elementor-col-50 elementor-top-column elementor-element elementor-element-2d307af3\" data-id=\"2d307af3\" data-element_type=\"column\" data-e-type=\"column\">\n\t\t\t<div class=\"elementor-widget-wrap elementor-element-populated\">\n\t\t\t\t\t\t<div class=\"elementor-element elementor-element-484edcc0 aux-appear-watch-animation aux-slide-from-right elementor-widget elementor-widget-image\" data-id=\"484edcc0\" data-element_type=\"widget\" data-e-type=\"widget\" data-widget_type=\"image.default\">\n\t\t\t\t<div class=\"elementor-widget-container\">\n\t\t\t\t\t\t\t\t\t\t\t\t\t\t\t<img fetchpriority=\"high\" decoding=\"async\" width=\"702\" height=\"612\" src=\"https:\/\/www.redcolmena.com\/web\/wp-content\/uploads\/2023\/02\/RedColmena_0001_Aplicacione.png\" class=\"attachment-large size-large wp-image-630\" alt=\"\" \/>\t\t\t\t\t\t\t\t\t\t\t\t\t\t\t<\/div>\n\t\t\t\t<\/div>\n\t\t\t\t\t<\/div>\n\t\t<\/div>\n\t\t\t\t\t<\/div>\n\t\t<\/section>\n\t\t\t\t<section class=\"elementor-section elementor-top-section elementor-element elementor-element-658027e6 elementor-section-boxed elementor-section-height-default elementor-section-height-default\" data-id=\"658027e6\" data-element_type=\"section\" data-e-type=\"section\" data-settings=\"{&quot;background_background&quot;:&quot;classic&quot;}\">\n\t\t\t\t\t\t<div class=\"elementor-container elementor-column-gap-default\">\n\t\t\t\t\t<div class=\"aux-parallax-section elementor-column elementor-col-100 elementor-top-column elementor-element elementor-element-3708736a\" data-id=\"3708736a\" data-element_type=\"column\" data-e-type=\"column\">\n\t\t\t<div class=\"elementor-widget-wrap elementor-element-populated\">\n\t\t\t\t\t\t<div class=\"elementor-element elementor-element-d03b968 aux-appear-watch-animation aux-slide-from-left elementor-widget elementor-widget-aux_modern_heading\" data-id=\"d03b968\" data-element_type=\"widget\" data-e-type=\"widget\" data-widget_type=\"aux_modern_heading.default\">\n\t\t\t\t<div class=\"elementor-widget-container\">\n\t\t\t\t\t<section class=\"aux-widget-modern-heading\">\n            <div class=\"aux-widget-inner\"><h1 class=\"aux-modern-heading-primary\">\u00bfCOMENZAMOS A <span style=\"color:white\">TRABAJAR?<\/span><\/h1><h2 class=\"aux-modern-heading-secondary\"><span class=\"aux-head-before\">Empieza hoy tu nuevo <span style=\"color:white\"> proyecto<span><\/span><\/h2><\/div>\n        <\/section>\t\t\t\t<\/div>\n\t\t\t\t<\/div>\n\t\t\t\t<div class=\"elementor-element elementor-element-c99e6e7 elementor-widget__width-auto elementor-align-center aux-appear-watch-animation aux-slide-from-right elementor-widget elementor-widget-button\" data-id=\"c99e6e7\" data-element_type=\"widget\" data-e-type=\"widget\" data-widget_type=\"button.default\">\n\t\t\t\t<div class=\"elementor-widget-container\">\n\t\t\t\t\t\t\t\t\t<div class=\"elementor-button-wrapper\">\n\t\t\t\t\t<a class=\"elementor-button elementor-button-link elementor-size-lg\" href=\"https:\/\/www.redcolmena.com\/web\/contacto\/\">\n\t\t\t\t\t\t<span class=\"elementor-button-content-wrapper\">\n\t\t\t\t\t\t\t\t\t<span class=\"elementor-button-text\">Agendar una reuni\u00f3n<\/span>\n\t\t\t\t\t<\/span>\n\t\t\t\t\t<\/a>\n\t\t\t\t<\/div>\n\t\t\t\t\t\t\t\t<\/div>\n\t\t\t\t<\/div>\n\t\t\t\t\t<\/div>\n\t\t<\/div>\n\t\t\t\t\t<\/div>\n\t\t<\/section>\n\t\t\t\t<\/div>\n\t\t","protected":false},"excerpt":{"rendered":"<p>Desarrollo y mantenimiento de aplicaciones y servicios en l\u00ednea. Aplicaciones y Servicios Web Red Colmena ofrece un servicio integral de desarrollo y mantenimiento de aplicaciones y servicios en l\u00ednea para ayudar a las empresas a mejorar su presencia en l\u00ednea y aprovechar al m\u00e1ximo las ventajas de la tecnolog\u00eda. Con un equipo de expertos en [&hellip;]<\/p>\n","protected":false},"author":1,"featured_media":0,"parent":334,"menu_order":0,"comment_status":"closed","ping_status":"closed","template":"elementor_header_footer","meta":{"footnotes":""},"class_list":["post-338","page","type-page","status-publish","hentry"],"yoast_head":"<!-- This site is optimized with the Yoast SEO plugin v27.0 - https:\/\/yoast.com\/product\/yoast-seo-wordpress\/ -->\n<title>Aplicaciones y Servicios Web - Red Colmena<\/title>\n<meta name=\"description\" content=\"Red Colmena ofrece un servicio integral de desarrollo y mantenimiento de aplicaciones y servicios en l\u00ednea para ayudar a las empresas\" \/>\n<meta name=\"robots\" content=\"index, follow, max-snippet:-1, max-image-preview:large, max-video-preview:-1\" \/>\n<link rel=\"canonical\" href=\"https:\/\/www.redcolmena.com\/web\/servicios\/aplicaciones-y-servicios-web\/\" \/>\n<meta property=\"og:locale\" content=\"es_ES\" \/>\n<meta property=\"og:type\" content=\"article\" \/>\n<meta property=\"og:title\" content=\"Aplicaciones y Servicios Web - Red Colmena\" \/>\n<meta property=\"og:description\" content=\"Red Colmena ofrece un servicio integral de desarrollo y mantenimiento de aplicaciones y servicios en l\u00ednea para ayudar a las empresas\" \/>\n<meta property=\"og:url\" content=\"https:\/\/www.redcolmena.com\/web\/servicios\/aplicaciones-y-servicios-web\/\" \/>\n<meta property=\"og:site_name\" content=\"Red Colmena\" \/>\n<meta property=\"article:modified_time\" content=\"2024-03-06T15:19:01+00:00\" \/>\n<meta property=\"og:image\" content=\"https:\/\/www.redcolmena.com\/web\/wp-content\/uploads\/2023\/02\/RedColmena_0001_Aplicacione.png\" \/>\n<meta name=\"twitter:card\" content=\"summary_large_image\" \/>\n<meta name=\"twitter:label1\" content=\"Tiempo de lectura\" \/>\n\t<meta name=\"twitter:data1\" content=\"1 minuto\" \/>\n<script type=\"application\/ld+json\" class=\"yoast-schema-graph\">{\"@context\":\"https:\/\/schema.org\",\"@graph\":[{\"@type\":\"WebPage\",\"@id\":\"https:\/\/www.redcolmena.com\/web\/servicios\/aplicaciones-y-servicios-web\/\",\"url\":\"https:\/\/www.redcolmena.com\/web\/servicios\/aplicaciones-y-servicios-web\/\",\"name\":\"Aplicaciones y Servicios Web - Red Colmena\",\"isPartOf\":{\"@id\":\"https:\/\/www.redcolmena.com\/web\/#website\"},\"primaryImageOfPage\":{\"@id\":\"https:\/\/www.redcolmena.com\/web\/servicios\/aplicaciones-y-servicios-web\/#primaryimage\"},\"image\":{\"@id\":\"https:\/\/www.redcolmena.com\/web\/servicios\/aplicaciones-y-servicios-web\/#primaryimage\"},\"thumbnailUrl\":\"https:\/\/www.redcolmena.com\/web\/wp-content\/uploads\/2023\/02\/RedColmena_0001_Aplicacione.png\",\"datePublished\":\"2023-02-13T10:53:14+00:00\",\"dateModified\":\"2024-03-06T15:19:01+00:00\",\"description\":\"Red Colmena ofrece un servicio integral de desarrollo y mantenimiento de aplicaciones y servicios en l\u00ednea para ayudar a las empresas\",\"breadcrumb\":{\"@id\":\"https:\/\/www.redcolmena.com\/web\/servicios\/aplicaciones-y-servicios-web\/#breadcrumb\"},\"inLanguage\":\"es\",\"potentialAction\":[{\"@type\":\"ReadAction\",\"target\":[\"https:\/\/www.redcolmena.com\/web\/servicios\/aplicaciones-y-servicios-web\/\"]}]},{\"@type\":\"ImageObject\",\"inLanguage\":\"es\",\"@id\":\"https:\/\/www.redcolmena.com\/web\/servicios\/aplicaciones-y-servicios-web\/#primaryimage\",\"url\":\"https:\/\/www.redcolmena.com\/web\/wp-content\/uploads\/2023\/02\/RedColmena_0001_Aplicacione.png\",\"contentUrl\":\"https:\/\/www.redcolmena.com\/web\/wp-content\/uploads\/2023\/02\/RedColmena_0001_Aplicacione.png\",\"width\":702,\"height\":612},{\"@type\":\"BreadcrumbList\",\"@id\":\"https:\/\/www.redcolmena.com\/web\/servicios\/aplicaciones-y-servicios-web\/#breadcrumb\",\"itemListElement\":[{\"@type\":\"ListItem\",\"position\":1,\"name\":\"Portada\",\"item\":\"https:\/\/www.redcolmena.com\/web\/\"},{\"@type\":\"ListItem\",\"position\":2,\"name\":\"Servicios\",\"item\":\"https:\/\/www.redcolmena.com\/web\/servicios\/\"},{\"@type\":\"ListItem\",\"position\":3,\"name\":\"Aplicaciones y Servicios Web\"}]},{\"@type\":\"WebSite\",\"@id\":\"https:\/\/www.redcolmena.com\/web\/#website\",\"url\":\"https:\/\/www.redcolmena.com\/web\/\",\"name\":\"Red Colmena\",\"description\":\"\",\"potentialAction\":[{\"@type\":\"SearchAction\",\"target\":{\"@type\":\"EntryPoint\",\"urlTemplate\":\"https:\/\/www.redcolmena.com\/web\/?s={search_term_string}\"},\"query-input\":{\"@type\":\"PropertyValueSpecification\",\"valueRequired\":true,\"valueName\":\"search_term_string\"}}],\"inLanguage\":\"es\"}]}<\/script>\n<!-- \/ Yoast SEO plugin. -->","yoast_head_json":{"title":"Aplicaciones y Servicios Web - Red Colmena","description":"Red Colmena ofrece un servicio integral de desarrollo y mantenimiento de aplicaciones y servicios en l\u00ednea para ayudar a las empresas","robots":{"index":"index","follow":"follow","max-snippet":"max-snippet:-1","max-image-preview":"max-image-preview:large","max-video-preview":"max-video-preview:-1"},"canonical":"https:\/\/www.redcolmena.com\/web\/servicios\/aplicaciones-y-servicios-web\/","og_locale":"es_ES","og_type":"article","og_title":"Aplicaciones y Servicios Web - Red Colmena","og_description":"Red Colmena ofrece un servicio integral de desarrollo y mantenimiento de aplicaciones y servicios en l\u00ednea para ayudar a las empresas","og_url":"https:\/\/www.redcolmena.com\/web\/servicios\/aplicaciones-y-servicios-web\/","og_site_name":"Red Colmena","article_modified_time":"2024-03-06T15:19:01+00:00","og_image":[{"url":"https:\/\/www.redcolmena.com\/web\/wp-content\/uploads\/2023\/02\/RedColmena_0001_Aplicacione.png","type":"","width":"","height":""}],"twitter_card":"summary_large_image","twitter_misc":{"Tiempo de lectura":"1 minuto"},"schema":{"@context":"https:\/\/schema.org","@graph":[{"@type":"WebPage","@id":"https:\/\/www.redcolmena.com\/web\/servicios\/aplicaciones-y-servicios-web\/","url":"https:\/\/www.redcolmena.com\/web\/servicios\/aplicaciones-y-servicios-web\/","name":"Aplicaciones y Servicios Web - Red Colmena","isPartOf":{"@id":"https:\/\/www.redcolmena.com\/web\/#website"},"primaryImageOfPage":{"@id":"https:\/\/www.redcolmena.com\/web\/servicios\/aplicaciones-y-servicios-web\/#primaryimage"},"image":{"@id":"https:\/\/www.redcolmena.com\/web\/servicios\/aplicaciones-y-servicios-web\/#primaryimage"},"thumbnailUrl":"https:\/\/www.redcolmena.com\/web\/wp-content\/uploads\/2023\/02\/RedColmena_0001_Aplicacione.png","datePublished":"2023-02-13T10:53:14+00:00","dateModified":"2024-03-06T15:19:01+00:00","description":"Red Colmena ofrece un servicio integral de desarrollo y mantenimiento de aplicaciones y servicios en l\u00ednea para ayudar a las empresas","breadcrumb":{"@id":"https:\/\/www.redcolmena.com\/web\/servicios\/aplicaciones-y-servicios-web\/#breadcrumb"},"inLanguage":"es","potentialAction":[{"@type":"ReadAction","target":["https:\/\/www.redcolmena.com\/web\/servicios\/aplicaciones-y-servicios-web\/"]}]},{"@type":"ImageObject","inLanguage":"es","@id":"https:\/\/www.redcolmena.com\/web\/servicios\/aplicaciones-y-servicios-web\/#primaryimage","url":"https:\/\/www.redcolmena.com\/web\/wp-content\/uploads\/2023\/02\/RedColmena_0001_Aplicacione.png","contentUrl":"https:\/\/www.redcolmena.com\/web\/wp-content\/uploads\/2023\/02\/RedColmena_0001_Aplicacione.png","width":702,"height":612},{"@type":"BreadcrumbList","@id":"https:\/\/www.redcolmena.com\/web\/servicios\/aplicaciones-y-servicios-web\/#breadcrumb","itemListElement":[{"@type":"ListItem","position":1,"name":"Portada","item":"https:\/\/www.redcolmena.com\/web\/"},{"@type":"ListItem","position":2,"name":"Servicios","item":"https:\/\/www.redcolmena.com\/web\/servicios\/"},{"@type":"ListItem","position":3,"name":"Aplicaciones y Servicios Web"}]},{"@type":"WebSite","@id":"https:\/\/www.redcolmena.com\/web\/#website","url":"https:\/\/www.redcolmena.com\/web\/","name":"Red Colmena","description":"","potentialAction":[{"@type":"SearchAction","target":{"@type":"EntryPoint","urlTemplate":"https:\/\/www.redcolmena.com\/web\/?s={search_term_string}"},"query-input":{"@type":"PropertyValueSpecification","valueRequired":true,"valueName":"search_term_string"}}],"inLanguage":"es"}]}},"_links":{"self":[{"href":"https:\/\/www.redcolmena.com\/web\/wp-json\/wp\/v2\/pages\/338","targetHints":{"allow":["GET"]}}],"collection":[{"href":"https:\/\/www.redcolmena.com\/web\/wp-json\/wp\/v2\/pages"}],"about":[{"href":"https:\/\/www.redcolmena.com\/web\/wp-json\/wp\/v2\/types\/page"}],"author":[{"embeddable":true,"href":"https:\/\/www.redcolmena.com\/web\/wp-json\/wp\/v2\/users\/1"}],"replies":[{"embeddable":true,"href":"https:\/\/www.redcolmena.com\/web\/wp-json\/wp\/v2\/comments?post=338"}],"version-history":[{"count":35,"href":"https:\/\/www.redcolmena.com\/web\/wp-json\/wp\/v2\/pages\/338\/revisions"}],"predecessor-version":[{"id":788,"href":"https:\/\/www.redcolmena.com\/web\/wp-json\/wp\/v2\/pages\/338\/revisions\/788"}],"up":[{"embeddable":true,"href":"https:\/\/www.redcolmena.com\/web\/wp-json\/wp\/v2\/pages\/334"}],"wp:attachment":[{"href":"https:\/\/www.redcolmena.com\/web\/wp-json\/wp\/v2\/media?parent=338"}],"curies":[{"name":"wp","href":"https:\/\/api.w.org\/{rel}","templated":true}]}}