{"id":341,"date":"2023-02-13T10:53:40","date_gmt":"2023-02-13T10:53:40","guid":{"rendered":"https:\/\/www.redcolmena.com\/web\/?page_id=341"},"modified":"2024-03-06T15:18:34","modified_gmt":"2024-03-06T15:18:34","slug":"comercio-electronico","status":"publish","type":"page","link":"https:\/\/www.redcolmena.com\/web\/servicios\/comercio-electronico\/","title":{"rendered":"Comercio Electr\u00f3nico"},"content":{"rendered":"\t\t<div data-elementor-type=\"wp-page\" data-elementor-id=\"341\" class=\"elementor elementor-341\" data-elementor-post-type=\"page\">\n\t\t\t\t\t\t<section class=\"elementor-section elementor-top-section elementor-element elementor-element-16c3058e elementor-section-boxed elementor-section-height-default elementor-section-height-default\" data-id=\"16c3058e\" data-element_type=\"section\" data-e-type=\"section\" data-settings=\"{&quot;background_background&quot;:&quot;gradient&quot;}\">\n\t\t\t\t\t\t<div class=\"elementor-container elementor-column-gap-default\">\n\t\t\t\t\t<div class=\"aux-parallax-section elementor-column elementor-col-50 elementor-top-column elementor-element elementor-element-1cb09d29\" data-id=\"1cb09d29\" data-element_type=\"column\" data-e-type=\"column\">\n\t\t\t<div class=\"elementor-widget-wrap elementor-element-populated\">\n\t\t\t\t\t\t<div class=\"elementor-element elementor-element-5f414fbd aux-appear-watch-animation aux-slide-from-left elementor-widget elementor-widget-aux_modern_heading\" data-id=\"5f414fbd\" data-element_type=\"widget\" data-e-type=\"widget\" data-widget_type=\"aux_modern_heading.default\">\n\t\t\t\t<div class=\"elementor-widget-container\">\n\t\t\t\t\t<section class=\"aux-widget-modern-heading\">\n            <div class=\"aux-widget-inner\"><h4 class=\"aux-modern-heading-primary\">Soluciones para \n<span style=\"color:#a5a718\"> vender productos y servicios en l\u00ednea. <\/span><\/h4><h1 class=\"aux-modern-heading-secondary\"><span class=\"aux-head-before\">Comercio <span style=\"color:#a5a718\"> Electr\u00f3nico   <\/span><\/span><\/h1><div class=\"aux-modern-heading-description\"><p>Red Colmena ofrece un servicio integral de Comercio Electr\u00f3nico para ayudar a las empresas a aprovechar al m\u00e1ximo las oportunidades en l\u00ednea.<\/p><p>Nuestro equipo combina tecnolog\u00eda y estrategia para crear soluciones de comercio electr\u00f3nico personalizadas y eficientes que satisfagan las necesidades espec\u00edficas de cada cliente.<\/p><p>Desde la creaci\u00f3n de una tienda en l\u00ednea hasta la implementaci\u00f3n de procesos de pago seguros, trabajamos juntos para asegurar el \u00e9xito de nuestros clientes en el mundo en l\u00ednea.<\/p><\/div><\/div>\n        <\/section>\t\t\t\t<\/div>\n\t\t\t\t<\/div>\n\t\t\t\t\t<\/div>\n\t\t<\/div>\n\t\t\t\t<div class=\"aux-parallax-section elementor-column elementor-col-50 elementor-top-column elementor-element elementor-element-99d262a\" data-id=\"99d262a\" data-element_type=\"column\" data-e-type=\"column\">\n\t\t\t<div class=\"elementor-widget-wrap elementor-element-populated\">\n\t\t\t\t\t\t<div class=\"elementor-element elementor-element-6f6c6bab aux-appear-watch-animation aux-slide-from-right elementor-widget elementor-widget-image\" data-id=\"6f6c6bab\" data-element_type=\"widget\" data-e-type=\"widget\" data-widget_type=\"image.default\">\n\t\t\t\t<div class=\"elementor-widget-container\">\n\t\t\t\t\t\t\t\t\t\t\t\t\t\t\t<img fetchpriority=\"high\" decoding=\"async\" width=\"702\" height=\"612\" src=\"https:\/\/www.redcolmena.com\/web\/wp-content\/uploads\/2023\/02\/RedColmena_0000_Comercio-Electronico.png\" class=\"attachment-large size-large wp-image-629\" alt=\"\" \/>\t\t\t\t\t\t\t\t\t\t\t\t\t\t\t<\/div>\n\t\t\t\t<\/div>\n\t\t\t\t\t<\/div>\n\t\t<\/div>\n\t\t\t\t\t<\/div>\n\t\t<\/section>\n\t\t\t\t<section class=\"elementor-section elementor-top-section elementor-element elementor-element-3e382fbe elementor-section-boxed elementor-section-height-default elementor-section-height-default\" data-id=\"3e382fbe\" data-element_type=\"section\" data-e-type=\"section\" data-settings=\"{&quot;background_background&quot;:&quot;classic&quot;}\">\n\t\t\t\t\t\t<div class=\"elementor-container elementor-column-gap-default\">\n\t\t\t\t\t<div class=\"aux-parallax-section elementor-column elementor-col-100 elementor-top-column elementor-element elementor-element-675babb3\" data-id=\"675babb3\" data-element_type=\"column\" data-e-type=\"column\">\n\t\t\t<div class=\"elementor-widget-wrap elementor-element-populated\">\n\t\t\t\t\t\t<div class=\"elementor-element elementor-element-3678532c aux-appear-watch-animation aux-slide-from-left elementor-widget elementor-widget-aux_modern_heading\" data-id=\"3678532c\" data-element_type=\"widget\" data-e-type=\"widget\" data-widget_type=\"aux_modern_heading.default\">\n\t\t\t\t<div class=\"elementor-widget-container\">\n\t\t\t\t\t<section class=\"aux-widget-modern-heading\">\n            <div class=\"aux-widget-inner\"><h1 class=\"aux-modern-heading-primary\">\u00bfCOMENZAMOS A <span style=\"color:white\">TRABAJAR?<\/span><\/h1><h2 class=\"aux-modern-heading-secondary\"><span class=\"aux-head-before\">Empieza hoy tu nuevo <span style=\"color:white\"> proyecto<span><\/span><\/h2><\/div>\n        <\/section>\t\t\t\t<\/div>\n\t\t\t\t<\/div>\n\t\t\t\t<div class=\"elementor-element elementor-element-76a9db8f elementor-widget__width-auto elementor-align-center aux-appear-watch-animation aux-slide-from-right elementor-widget elementor-widget-button\" data-id=\"76a9db8f\" data-element_type=\"widget\" data-e-type=\"widget\" data-widget_type=\"button.default\">\n\t\t\t\t<div class=\"elementor-widget-container\">\n\t\t\t\t\t\t\t\t\t<div class=\"elementor-button-wrapper\">\n\t\t\t\t\t<a class=\"elementor-button elementor-button-link elementor-size-lg\" href=\"https:\/\/www.redcolmena.com\/web\/contacto\/\">\n\t\t\t\t\t\t<span class=\"elementor-button-content-wrapper\">\n\t\t\t\t\t\t\t\t\t<span class=\"elementor-button-text\">Agendar una reuni\u00f3n<\/span>\n\t\t\t\t\t<\/span>\n\t\t\t\t\t<\/a>\n\t\t\t\t<\/div>\n\t\t\t\t\t\t\t\t<\/div>\n\t\t\t\t<\/div>\n\t\t\t\t\t<\/div>\n\t\t<\/div>\n\t\t\t\t\t<\/div>\n\t\t<\/section>\n\t\t\t\t<\/div>\n\t\t","protected":false},"excerpt":{"rendered":"<p>Soluciones para vender productos y servicios en l\u00ednea. Comercio Electr\u00f3nico Red Colmena ofrece un servicio integral de Comercio Electr\u00f3nico para ayudar a las empresas a aprovechar al m\u00e1ximo las oportunidades en l\u00ednea. Nuestro equipo combina tecnolog\u00eda y estrategia para crear soluciones de comercio electr\u00f3nico personalizadas y eficientes que satisfagan las necesidades espec\u00edficas de cada cliente. [&hellip;]<\/p>\n","protected":false},"author":1,"featured_media":0,"parent":334,"menu_order":0,"comment_status":"closed","ping_status":"closed","template":"elementor_header_footer","meta":{"footnotes":""},"class_list":["post-341","page","type-page","status-publish","hentry"],"yoast_head":"<!-- This site is optimized with the Yoast SEO plugin v27.0 - https:\/\/yoast.com\/product\/yoast-seo-wordpress\/ -->\n<title>Comercio Electr\u00f3nico - Red Colmena<\/title>\n<meta name=\"description\" content=\"Red Colmena ofrece un servicio integral de Comercio Electr\u00f3nico para ayudar a las empresas a aprovechar al m\u00e1ximo las oportunidades en l\u00ednea.\" \/>\n<meta name=\"robots\" content=\"index, follow, max-snippet:-1, max-image-preview:large, max-video-preview:-1\" \/>\n<link rel=\"canonical\" href=\"https:\/\/www.redcolmena.com\/web\/servicios\/comercio-electronico\/\" \/>\n<meta property=\"og:locale\" content=\"es_ES\" \/>\n<meta property=\"og:type\" content=\"article\" \/>\n<meta property=\"og:title\" content=\"Comercio Electr\u00f3nico - Red Colmena\" \/>\n<meta property=\"og:description\" content=\"Red Colmena ofrece un servicio integral de Comercio Electr\u00f3nico para ayudar a las empresas a aprovechar al m\u00e1ximo las oportunidades en l\u00ednea.\" \/>\n<meta property=\"og:url\" content=\"https:\/\/www.redcolmena.com\/web\/servicios\/comercio-electronico\/\" \/>\n<meta property=\"og:site_name\" content=\"Red Colmena\" \/>\n<meta property=\"article:modified_time\" content=\"2024-03-06T15:18:34+00:00\" \/>\n<meta property=\"og:image\" content=\"https:\/\/www.redcolmena.com\/web\/wp-content\/uploads\/2023\/02\/RedColmena_0000_Comercio-Electronico.png\" \/>\n<meta name=\"twitter:card\" content=\"summary_large_image\" \/>\n<meta name=\"twitter:label1\" content=\"Tiempo de lectura\" \/>\n\t<meta name=\"twitter:data1\" content=\"1 minuto\" \/>\n<script type=\"application\/ld+json\" class=\"yoast-schema-graph\">{\"@context\":\"https:\/\/schema.org\",\"@graph\":[{\"@type\":\"WebPage\",\"@id\":\"https:\/\/www.redcolmena.com\/web\/servicios\/comercio-electronico\/\",\"url\":\"https:\/\/www.redcolmena.com\/web\/servicios\/comercio-electronico\/\",\"name\":\"Comercio Electr\u00f3nico - Red Colmena\",\"isPartOf\":{\"@id\":\"https:\/\/www.redcolmena.com\/web\/#website\"},\"primaryImageOfPage\":{\"@id\":\"https:\/\/www.redcolmena.com\/web\/servicios\/comercio-electronico\/#primaryimage\"},\"image\":{\"@id\":\"https:\/\/www.redcolmena.com\/web\/servicios\/comercio-electronico\/#primaryimage\"},\"thumbnailUrl\":\"https:\/\/www.redcolmena.com\/web\/wp-content\/uploads\/2023\/02\/RedColmena_0000_Comercio-Electronico.png\",\"datePublished\":\"2023-02-13T10:53:40+00:00\",\"dateModified\":\"2024-03-06T15:18:34+00:00\",\"description\":\"Red Colmena ofrece un servicio integral de Comercio Electr\u00f3nico para ayudar a las empresas a aprovechar al m\u00e1ximo las oportunidades en l\u00ednea.\",\"breadcrumb\":{\"@id\":\"https:\/\/www.redcolmena.com\/web\/servicios\/comercio-electronico\/#breadcrumb\"},\"inLanguage\":\"es\",\"potentialAction\":[{\"@type\":\"ReadAction\",\"target\":[\"https:\/\/www.redcolmena.com\/web\/servicios\/comercio-electronico\/\"]}]},{\"@type\":\"ImageObject\",\"inLanguage\":\"es\",\"@id\":\"https:\/\/www.redcolmena.com\/web\/servicios\/comercio-electronico\/#primaryimage\",\"url\":\"https:\/\/www.redcolmena.com\/web\/wp-content\/uploads\/2023\/02\/RedColmena_0000_Comercio-Electronico.png\",\"contentUrl\":\"https:\/\/www.redcolmena.com\/web\/wp-content\/uploads\/2023\/02\/RedColmena_0000_Comercio-Electronico.png\",\"width\":702,\"height\":612},{\"@type\":\"BreadcrumbList\",\"@id\":\"https:\/\/www.redcolmena.com\/web\/servicios\/comercio-electronico\/#breadcrumb\",\"itemListElement\":[{\"@type\":\"ListItem\",\"position\":1,\"name\":\"Portada\",\"item\":\"https:\/\/www.redcolmena.com\/web\/\"},{\"@type\":\"ListItem\",\"position\":2,\"name\":\"Servicios\",\"item\":\"https:\/\/www.redcolmena.com\/web\/servicios\/\"},{\"@type\":\"ListItem\",\"position\":3,\"name\":\"Comercio Electr\u00f3nico\"}]},{\"@type\":\"WebSite\",\"@id\":\"https:\/\/www.redcolmena.com\/web\/#website\",\"url\":\"https:\/\/www.redcolmena.com\/web\/\",\"name\":\"Red Colmena\",\"description\":\"\",\"potentialAction\":[{\"@type\":\"SearchAction\",\"target\":{\"@type\":\"EntryPoint\",\"urlTemplate\":\"https:\/\/www.redcolmena.com\/web\/?s={search_term_string}\"},\"query-input\":{\"@type\":\"PropertyValueSpecification\",\"valueRequired\":true,\"valueName\":\"search_term_string\"}}],\"inLanguage\":\"es\"}]}<\/script>\n<!-- \/ Yoast SEO plugin. -->","yoast_head_json":{"title":"Comercio Electr\u00f3nico - Red Colmena","description":"Red Colmena ofrece un servicio integral de Comercio Electr\u00f3nico para ayudar a las empresas a aprovechar al m\u00e1ximo las oportunidades en l\u00ednea.","robots":{"index":"index","follow":"follow","max-snippet":"max-snippet:-1","max-image-preview":"max-image-preview:large","max-video-preview":"max-video-preview:-1"},"canonical":"https:\/\/www.redcolmena.com\/web\/servicios\/comercio-electronico\/","og_locale":"es_ES","og_type":"article","og_title":"Comercio Electr\u00f3nico - Red Colmena","og_description":"Red Colmena ofrece un servicio integral de Comercio Electr\u00f3nico para ayudar a las empresas a aprovechar al m\u00e1ximo las oportunidades en l\u00ednea.","og_url":"https:\/\/www.redcolmena.com\/web\/servicios\/comercio-electronico\/","og_site_name":"Red Colmena","article_modified_time":"2024-03-06T15:18:34+00:00","og_image":[{"url":"https:\/\/www.redcolmena.com\/web\/wp-content\/uploads\/2023\/02\/RedColmena_0000_Comercio-Electronico.png","type":"","width":"","height":""}],"twitter_card":"summary_large_image","twitter_misc":{"Tiempo de lectura":"1 minuto"},"schema":{"@context":"https:\/\/schema.org","@graph":[{"@type":"WebPage","@id":"https:\/\/www.redcolmena.com\/web\/servicios\/comercio-electronico\/","url":"https:\/\/www.redcolmena.com\/web\/servicios\/comercio-electronico\/","name":"Comercio Electr\u00f3nico - Red Colmena","isPartOf":{"@id":"https:\/\/www.redcolmena.com\/web\/#website"},"primaryImageOfPage":{"@id":"https:\/\/www.redcolmena.com\/web\/servicios\/comercio-electronico\/#primaryimage"},"image":{"@id":"https:\/\/www.redcolmena.com\/web\/servicios\/comercio-electronico\/#primaryimage"},"thumbnailUrl":"https:\/\/www.redcolmena.com\/web\/wp-content\/uploads\/2023\/02\/RedColmena_0000_Comercio-Electronico.png","datePublished":"2023-02-13T10:53:40+00:00","dateModified":"2024-03-06T15:18:34+00:00","description":"Red Colmena ofrece un servicio integral de Comercio Electr\u00f3nico para ayudar a las empresas a aprovechar al m\u00e1ximo las oportunidades en l\u00ednea.","breadcrumb":{"@id":"https:\/\/www.redcolmena.com\/web\/servicios\/comercio-electronico\/#breadcrumb"},"inLanguage":"es","potentialAction":[{"@type":"ReadAction","target":["https:\/\/www.redcolmena.com\/web\/servicios\/comercio-electronico\/"]}]},{"@type":"ImageObject","inLanguage":"es","@id":"https:\/\/www.redcolmena.com\/web\/servicios\/comercio-electronico\/#primaryimage","url":"https:\/\/www.redcolmena.com\/web\/wp-content\/uploads\/2023\/02\/RedColmena_0000_Comercio-Electronico.png","contentUrl":"https:\/\/www.redcolmena.com\/web\/wp-content\/uploads\/2023\/02\/RedColmena_0000_Comercio-Electronico.png","width":702,"height":612},{"@type":"BreadcrumbList","@id":"https:\/\/www.redcolmena.com\/web\/servicios\/comercio-electronico\/#breadcrumb","itemListElement":[{"@type":"ListItem","position":1,"name":"Portada","item":"https:\/\/www.redcolmena.com\/web\/"},{"@type":"ListItem","position":2,"name":"Servicios","item":"https:\/\/www.redcolmena.com\/web\/servicios\/"},{"@type":"ListItem","position":3,"name":"Comercio Electr\u00f3nico"}]},{"@type":"WebSite","@id":"https:\/\/www.redcolmena.com\/web\/#website","url":"https:\/\/www.redcolmena.com\/web\/","name":"Red Colmena","description":"","potentialAction":[{"@type":"SearchAction","target":{"@type":"EntryPoint","urlTemplate":"https:\/\/www.redcolmena.com\/web\/?s={search_term_string}"},"query-input":{"@type":"PropertyValueSpecification","valueRequired":true,"valueName":"search_term_string"}}],"inLanguage":"es"}]}},"_links":{"self":[{"href":"https:\/\/www.redcolmena.com\/web\/wp-json\/wp\/v2\/pages\/341","targetHints":{"allow":["GET"]}}],"collection":[{"href":"https:\/\/www.redcolmena.com\/web\/wp-json\/wp\/v2\/pages"}],"about":[{"href":"https:\/\/www.redcolmena.com\/web\/wp-json\/wp\/v2\/types\/page"}],"author":[{"embeddable":true,"href":"https:\/\/www.redcolmena.com\/web\/wp-json\/wp\/v2\/users\/1"}],"replies":[{"embeddable":true,"href":"https:\/\/www.redcolmena.com\/web\/wp-json\/wp\/v2\/comments?post=341"}],"version-history":[{"count":23,"href":"https:\/\/www.redcolmena.com\/web\/wp-json\/wp\/v2\/pages\/341\/revisions"}],"predecessor-version":[{"id":787,"href":"https:\/\/www.redcolmena.com\/web\/wp-json\/wp\/v2\/pages\/341\/revisions\/787"}],"up":[{"embeddable":true,"href":"https:\/\/www.redcolmena.com\/web\/wp-json\/wp\/v2\/pages\/334"}],"wp:attachment":[{"href":"https:\/\/www.redcolmena.com\/web\/wp-json\/wp\/v2\/media?parent=341"}],"curies":[{"name":"wp","href":"https:\/\/api.w.org\/{rel}","templated":true}]}}