{"id":343,"date":"2023-02-13T11:11:44","date_gmt":"2023-02-13T11:11:44","guid":{"rendered":"https:\/\/www.redcolmena.com\/web\/?page_id=343"},"modified":"2024-03-06T15:18:13","modified_gmt":"2024-03-06T15:18:13","slug":"posicionamiento-web","status":"publish","type":"page","link":"https:\/\/www.redcolmena.com\/web\/servicios\/posicionamiento-web\/","title":{"rendered":"Posicionamiento Web"},"content":{"rendered":"\t\t<div data-elementor-type=\"wp-page\" data-elementor-id=\"343\" class=\"elementor elementor-343\" data-elementor-post-type=\"page\">\n\t\t\t\t\t\t<section class=\"elementor-section elementor-top-section elementor-element elementor-element-73ea8f72 elementor-section-boxed elementor-section-height-default elementor-section-height-default\" data-id=\"73ea8f72\" data-element_type=\"section\" data-e-type=\"section\" data-settings=\"{&quot;background_background&quot;:&quot;gradient&quot;}\">\n\t\t\t\t\t\t<div class=\"elementor-container elementor-column-gap-default\">\n\t\t\t\t\t<div class=\"aux-parallax-section elementor-column elementor-col-50 elementor-top-column elementor-element elementor-element-37bad510\" data-id=\"37bad510\" data-element_type=\"column\" data-e-type=\"column\">\n\t\t\t<div class=\"elementor-widget-wrap elementor-element-populated\">\n\t\t\t\t\t\t<div class=\"elementor-element elementor-element-24d1e7bb aux-appear-watch-animation aux-slide-from-left elementor-widget elementor-widget-aux_modern_heading\" data-id=\"24d1e7bb\" data-element_type=\"widget\" data-e-type=\"widget\" data-widget_type=\"aux_modern_heading.default\">\n\t\t\t\t<div class=\"elementor-widget-container\">\n\t\t\t\t\t<section class=\"aux-widget-modern-heading\">\n            <div class=\"aux-widget-inner\"><h4 class=\"aux-modern-heading-primary\">Mejora la visibilidad y  <span style=\"color:#a5a718\">el ranking de un sitio web en Internet<\/span><\/h4><h1 class=\"aux-modern-heading-secondary\"><span class=\"aux-head-before\">Posicionamiento <span style=\"color:#a5a718\">Web<span><\/span><\/h1><div class=\"aux-modern-heading-description\"><p>Red Colmena ofrece un servicio integral de Posicionamiento Web para ayudar a las empresas a mejorar su visibilidad en l\u00ednea.<\/p><p>Nuestro equipo combina estrategia y tecnolog\u00eda para optimizar el contenido y la estructura de las p\u00e1ginas web de nuestros clientes, con el fin de mejorar su posicionamiento en los motores de b\u00fasqueda.<\/p><p>Desde la investigaci\u00f3n de palabras clave hasta la optimizaci\u00f3n de la velocidad de carga y la calidad del contenido, trabajamos juntos para asegurar que nuestros clientes aparezcan en los primeros resultados de b\u00fasqueda para sus t\u00e9rminos relevantes.<\/p><\/div><\/div>\n        <\/section>\t\t\t\t<\/div>\n\t\t\t\t<\/div>\n\t\t\t\t\t<\/div>\n\t\t<\/div>\n\t\t\t\t<div class=\"aux-parallax-section elementor-column elementor-col-50 elementor-top-column elementor-element elementor-element-3dce37eb\" data-id=\"3dce37eb\" data-element_type=\"column\" data-e-type=\"column\">\n\t\t\t<div class=\"elementor-widget-wrap elementor-element-populated\">\n\t\t\t\t\t\t<div class=\"elementor-element elementor-element-7cb920ec aux-appear-watch-animation aux-slide-from-right elementor-widget elementor-widget-image\" data-id=\"7cb920ec\" data-element_type=\"widget\" data-e-type=\"widget\" data-widget_type=\"image.default\">\n\t\t\t\t<div class=\"elementor-widget-container\">\n\t\t\t\t\t\t\t\t\t\t\t\t\t\t\t<img fetchpriority=\"high\" decoding=\"async\" width=\"702\" height=\"612\" src=\"https:\/\/www.redcolmena.com\/web\/wp-content\/uploads\/2023\/02\/RedColmena_0004_Seo.png\" class=\"attachment-large size-large wp-image-633\" alt=\"\" \/>\t\t\t\t\t\t\t\t\t\t\t\t\t\t\t<\/div>\n\t\t\t\t<\/div>\n\t\t\t\t\t<\/div>\n\t\t<\/div>\n\t\t\t\t\t<\/div>\n\t\t<\/section>\n\t\t\t\t<section class=\"elementor-section elementor-top-section elementor-element elementor-element-53e6a3bf elementor-section-boxed elementor-section-height-default elementor-section-height-default\" data-id=\"53e6a3bf\" data-element_type=\"section\" data-e-type=\"section\" data-settings=\"{&quot;background_background&quot;:&quot;classic&quot;}\">\n\t\t\t\t\t\t<div class=\"elementor-container elementor-column-gap-default\">\n\t\t\t\t\t<div class=\"aux-parallax-section elementor-column elementor-col-100 elementor-top-column elementor-element elementor-element-18afd154\" data-id=\"18afd154\" data-element_type=\"column\" data-e-type=\"column\">\n\t\t\t<div class=\"elementor-widget-wrap elementor-element-populated\">\n\t\t\t\t\t\t<div class=\"elementor-element elementor-element-1a810d79 aux-appear-watch-animation aux-slide-from-left elementor-widget elementor-widget-aux_modern_heading\" data-id=\"1a810d79\" data-element_type=\"widget\" data-e-type=\"widget\" data-widget_type=\"aux_modern_heading.default\">\n\t\t\t\t<div class=\"elementor-widget-container\">\n\t\t\t\t\t<section class=\"aux-widget-modern-heading\">\n            <div class=\"aux-widget-inner\"><h1 class=\"aux-modern-heading-primary\">\u00bfCOMENZAMOS A <span style=\"color:white\">TRABAJAR?<\/span><\/h1><h2 class=\"aux-modern-heading-secondary\"><span class=\"aux-head-before\">Empieza hoy tu nuevo <span style=\"color:white\"> proyecto<span><\/span><\/h2><\/div>\n        <\/section>\t\t\t\t<\/div>\n\t\t\t\t<\/div>\n\t\t\t\t<div class=\"elementor-element elementor-element-690c2899 elementor-widget__width-auto elementor-align-center aux-appear-watch-animation aux-slide-from-right elementor-widget elementor-widget-button\" data-id=\"690c2899\" data-element_type=\"widget\" data-e-type=\"widget\" data-widget_type=\"button.default\">\n\t\t\t\t<div class=\"elementor-widget-container\">\n\t\t\t\t\t\t\t\t\t<div class=\"elementor-button-wrapper\">\n\t\t\t\t\t<a class=\"elementor-button elementor-button-link elementor-size-lg\" href=\"https:\/\/www.redcolmena.com\/web\/contacto\/\">\n\t\t\t\t\t\t<span class=\"elementor-button-content-wrapper\">\n\t\t\t\t\t\t\t\t\t<span class=\"elementor-button-text\">Agendar una reuni\u00f3n<\/span>\n\t\t\t\t\t<\/span>\n\t\t\t\t\t<\/a>\n\t\t\t\t<\/div>\n\t\t\t\t\t\t\t\t<\/div>\n\t\t\t\t<\/div>\n\t\t\t\t\t<\/div>\n\t\t<\/div>\n\t\t\t\t\t<\/div>\n\t\t<\/section>\n\t\t\t\t<\/div>\n\t\t","protected":false},"excerpt":{"rendered":"<p>Mejora la visibilidad y el ranking de un sitio web en Internet Posicionamiento Web Red Colmena ofrece un servicio integral de Posicionamiento Web para ayudar a las empresas a mejorar su visibilidad en l\u00ednea. Nuestro equipo combina estrategia y tecnolog\u00eda para optimizar el contenido y la estructura de las p\u00e1ginas web de nuestros clientes, con [&hellip;]<\/p>\n","protected":false},"author":1,"featured_media":0,"parent":334,"menu_order":0,"comment_status":"closed","ping_status":"closed","template":"elementor_header_footer","meta":{"footnotes":""},"class_list":["post-343","page","type-page","status-publish","hentry"],"yoast_head":"<!-- This site is optimized with the Yoast SEO plugin v27.0 - https:\/\/yoast.com\/product\/yoast-seo-wordpress\/ -->\n<title>Posicionamiento Web - Red Colmena<\/title>\n<meta name=\"description\" content=\"Red Colmena ofrece un servicio integral de Posicionamiento Web para ayudar a las empresas a mejorar su visibilidad en l\u00ednea.\" \/>\n<meta name=\"robots\" content=\"index, follow, max-snippet:-1, max-image-preview:large, max-video-preview:-1\" \/>\n<link rel=\"canonical\" href=\"https:\/\/www.redcolmena.com\/web\/servicios\/posicionamiento-web\/\" \/>\n<meta property=\"og:locale\" content=\"es_ES\" \/>\n<meta property=\"og:type\" content=\"article\" \/>\n<meta property=\"og:title\" content=\"Posicionamiento Web - Red Colmena\" \/>\n<meta property=\"og:description\" content=\"Red Colmena ofrece un servicio integral de Posicionamiento Web para ayudar a las empresas a mejorar su visibilidad en l\u00ednea.\" \/>\n<meta property=\"og:url\" content=\"https:\/\/www.redcolmena.com\/web\/servicios\/posicionamiento-web\/\" \/>\n<meta property=\"og:site_name\" content=\"Red Colmena\" \/>\n<meta property=\"article:modified_time\" content=\"2024-03-06T15:18:13+00:00\" \/>\n<meta property=\"og:image\" content=\"https:\/\/www.redcolmena.com\/web\/wp-content\/uploads\/2023\/02\/RedColmena_0004_Seo.png\" \/>\n<meta name=\"twitter:card\" content=\"summary_large_image\" \/>\n<meta name=\"twitter:label1\" content=\"Tiempo de lectura\" \/>\n\t<meta name=\"twitter:data1\" content=\"1 minuto\" \/>\n<script type=\"application\/ld+json\" class=\"yoast-schema-graph\">{\"@context\":\"https:\/\/schema.org\",\"@graph\":[{\"@type\":\"WebPage\",\"@id\":\"https:\/\/www.redcolmena.com\/web\/servicios\/posicionamiento-web\/\",\"url\":\"https:\/\/www.redcolmena.com\/web\/servicios\/posicionamiento-web\/\",\"name\":\"Posicionamiento Web - Red Colmena\",\"isPartOf\":{\"@id\":\"https:\/\/www.redcolmena.com\/web\/#website\"},\"primaryImageOfPage\":{\"@id\":\"https:\/\/www.redcolmena.com\/web\/servicios\/posicionamiento-web\/#primaryimage\"},\"image\":{\"@id\":\"https:\/\/www.redcolmena.com\/web\/servicios\/posicionamiento-web\/#primaryimage\"},\"thumbnailUrl\":\"https:\/\/www.redcolmena.com\/web\/wp-content\/uploads\/2023\/02\/RedColmena_0004_Seo.png\",\"datePublished\":\"2023-02-13T11:11:44+00:00\",\"dateModified\":\"2024-03-06T15:18:13+00:00\",\"description\":\"Red Colmena ofrece un servicio integral de Posicionamiento Web para ayudar a las empresas a mejorar su visibilidad en l\u00ednea.\",\"breadcrumb\":{\"@id\":\"https:\/\/www.redcolmena.com\/web\/servicios\/posicionamiento-web\/#breadcrumb\"},\"inLanguage\":\"es\",\"potentialAction\":[{\"@type\":\"ReadAction\",\"target\":[\"https:\/\/www.redcolmena.com\/web\/servicios\/posicionamiento-web\/\"]}]},{\"@type\":\"ImageObject\",\"inLanguage\":\"es\",\"@id\":\"https:\/\/www.redcolmena.com\/web\/servicios\/posicionamiento-web\/#primaryimage\",\"url\":\"https:\/\/www.redcolmena.com\/web\/wp-content\/uploads\/2023\/02\/RedColmena_0004_Seo.png\",\"contentUrl\":\"https:\/\/www.redcolmena.com\/web\/wp-content\/uploads\/2023\/02\/RedColmena_0004_Seo.png\",\"width\":702,\"height\":612},{\"@type\":\"BreadcrumbList\",\"@id\":\"https:\/\/www.redcolmena.com\/web\/servicios\/posicionamiento-web\/#breadcrumb\",\"itemListElement\":[{\"@type\":\"ListItem\",\"position\":1,\"name\":\"Portada\",\"item\":\"https:\/\/www.redcolmena.com\/web\/\"},{\"@type\":\"ListItem\",\"position\":2,\"name\":\"Servicios\",\"item\":\"https:\/\/www.redcolmena.com\/web\/servicios\/\"},{\"@type\":\"ListItem\",\"position\":3,\"name\":\"Posicionamiento Web\"}]},{\"@type\":\"WebSite\",\"@id\":\"https:\/\/www.redcolmena.com\/web\/#website\",\"url\":\"https:\/\/www.redcolmena.com\/web\/\",\"name\":\"Red Colmena\",\"description\":\"\",\"potentialAction\":[{\"@type\":\"SearchAction\",\"target\":{\"@type\":\"EntryPoint\",\"urlTemplate\":\"https:\/\/www.redcolmena.com\/web\/?s={search_term_string}\"},\"query-input\":{\"@type\":\"PropertyValueSpecification\",\"valueRequired\":true,\"valueName\":\"search_term_string\"}}],\"inLanguage\":\"es\"}]}<\/script>\n<!-- \/ Yoast SEO plugin. -->","yoast_head_json":{"title":"Posicionamiento Web - Red Colmena","description":"Red Colmena ofrece un servicio integral de Posicionamiento Web para ayudar a las empresas a mejorar su visibilidad en l\u00ednea.","robots":{"index":"index","follow":"follow","max-snippet":"max-snippet:-1","max-image-preview":"max-image-preview:large","max-video-preview":"max-video-preview:-1"},"canonical":"https:\/\/www.redcolmena.com\/web\/servicios\/posicionamiento-web\/","og_locale":"es_ES","og_type":"article","og_title":"Posicionamiento Web - Red Colmena","og_description":"Red Colmena ofrece un servicio integral de Posicionamiento Web para ayudar a las empresas a mejorar su visibilidad en l\u00ednea.","og_url":"https:\/\/www.redcolmena.com\/web\/servicios\/posicionamiento-web\/","og_site_name":"Red Colmena","article_modified_time":"2024-03-06T15:18:13+00:00","og_image":[{"url":"https:\/\/www.redcolmena.com\/web\/wp-content\/uploads\/2023\/02\/RedColmena_0004_Seo.png","type":"","width":"","height":""}],"twitter_card":"summary_large_image","twitter_misc":{"Tiempo de lectura":"1 minuto"},"schema":{"@context":"https:\/\/schema.org","@graph":[{"@type":"WebPage","@id":"https:\/\/www.redcolmena.com\/web\/servicios\/posicionamiento-web\/","url":"https:\/\/www.redcolmena.com\/web\/servicios\/posicionamiento-web\/","name":"Posicionamiento Web - Red Colmena","isPartOf":{"@id":"https:\/\/www.redcolmena.com\/web\/#website"},"primaryImageOfPage":{"@id":"https:\/\/www.redcolmena.com\/web\/servicios\/posicionamiento-web\/#primaryimage"},"image":{"@id":"https:\/\/www.redcolmena.com\/web\/servicios\/posicionamiento-web\/#primaryimage"},"thumbnailUrl":"https:\/\/www.redcolmena.com\/web\/wp-content\/uploads\/2023\/02\/RedColmena_0004_Seo.png","datePublished":"2023-02-13T11:11:44+00:00","dateModified":"2024-03-06T15:18:13+00:00","description":"Red Colmena ofrece un servicio integral de Posicionamiento Web para ayudar a las empresas a mejorar su visibilidad en l\u00ednea.","breadcrumb":{"@id":"https:\/\/www.redcolmena.com\/web\/servicios\/posicionamiento-web\/#breadcrumb"},"inLanguage":"es","potentialAction":[{"@type":"ReadAction","target":["https:\/\/www.redcolmena.com\/web\/servicios\/posicionamiento-web\/"]}]},{"@type":"ImageObject","inLanguage":"es","@id":"https:\/\/www.redcolmena.com\/web\/servicios\/posicionamiento-web\/#primaryimage","url":"https:\/\/www.redcolmena.com\/web\/wp-content\/uploads\/2023\/02\/RedColmena_0004_Seo.png","contentUrl":"https:\/\/www.redcolmena.com\/web\/wp-content\/uploads\/2023\/02\/RedColmena_0004_Seo.png","width":702,"height":612},{"@type":"BreadcrumbList","@id":"https:\/\/www.redcolmena.com\/web\/servicios\/posicionamiento-web\/#breadcrumb","itemListElement":[{"@type":"ListItem","position":1,"name":"Portada","item":"https:\/\/www.redcolmena.com\/web\/"},{"@type":"ListItem","position":2,"name":"Servicios","item":"https:\/\/www.redcolmena.com\/web\/servicios\/"},{"@type":"ListItem","position":3,"name":"Posicionamiento Web"}]},{"@type":"WebSite","@id":"https:\/\/www.redcolmena.com\/web\/#website","url":"https:\/\/www.redcolmena.com\/web\/","name":"Red Colmena","description":"","potentialAction":[{"@type":"SearchAction","target":{"@type":"EntryPoint","urlTemplate":"https:\/\/www.redcolmena.com\/web\/?s={search_term_string}"},"query-input":{"@type":"PropertyValueSpecification","valueRequired":true,"valueName":"search_term_string"}}],"inLanguage":"es"}]}},"_links":{"self":[{"href":"https:\/\/www.redcolmena.com\/web\/wp-json\/wp\/v2\/pages\/343","targetHints":{"allow":["GET"]}}],"collection":[{"href":"https:\/\/www.redcolmena.com\/web\/wp-json\/wp\/v2\/pages"}],"about":[{"href":"https:\/\/www.redcolmena.com\/web\/wp-json\/wp\/v2\/types\/page"}],"author":[{"embeddable":true,"href":"https:\/\/www.redcolmena.com\/web\/wp-json\/wp\/v2\/users\/1"}],"replies":[{"embeddable":true,"href":"https:\/\/www.redcolmena.com\/web\/wp-json\/wp\/v2\/comments?post=343"}],"version-history":[{"count":14,"href":"https:\/\/www.redcolmena.com\/web\/wp-json\/wp\/v2\/pages\/343\/revisions"}],"predecessor-version":[{"id":786,"href":"https:\/\/www.redcolmena.com\/web\/wp-json\/wp\/v2\/pages\/343\/revisions\/786"}],"up":[{"embeddable":true,"href":"https:\/\/www.redcolmena.com\/web\/wp-json\/wp\/v2\/pages\/334"}],"wp:attachment":[{"href":"https:\/\/www.redcolmena.com\/web\/wp-json\/wp\/v2\/media?parent=343"}],"curies":[{"name":"wp","href":"https:\/\/api.w.org\/{rel}","templated":true}]}}