{"id":347,"date":"2023-02-13T11:14:24","date_gmt":"2023-02-13T11:14:24","guid":{"rendered":"https:\/\/www.redcolmena.com\/web\/?page_id=347"},"modified":"2024-03-06T15:17:40","modified_gmt":"2024-03-06T15:17:40","slug":"branding-de-empresas","status":"publish","type":"page","link":"https:\/\/www.redcolmena.com\/web\/servicios\/branding-de-empresas\/","title":{"rendered":"Branding de Empresas"},"content":{"rendered":"\t\t<div data-elementor-type=\"wp-page\" data-elementor-id=\"347\" class=\"elementor elementor-347\" data-elementor-post-type=\"page\">\n\t\t\t\t\t\t<section class=\"elementor-section elementor-top-section elementor-element elementor-element-762fb89c elementor-section-boxed elementor-section-height-default elementor-section-height-default\" data-id=\"762fb89c\" data-element_type=\"section\" data-e-type=\"section\" data-settings=\"{&quot;background_background&quot;:&quot;gradient&quot;}\">\n\t\t\t\t\t\t<div class=\"elementor-container elementor-column-gap-default\">\n\t\t\t\t\t<div class=\"aux-parallax-section elementor-column elementor-col-50 elementor-top-column elementor-element elementor-element-616a4efd\" data-id=\"616a4efd\" data-element_type=\"column\" data-e-type=\"column\">\n\t\t\t<div class=\"elementor-widget-wrap elementor-element-populated\">\n\t\t\t\t\t\t<div class=\"elementor-element elementor-element-7e3be790 aux-appear-watch-animation aux-slide-from-left elementor-widget elementor-widget-aux_modern_heading\" data-id=\"7e3be790\" data-element_type=\"widget\" data-e-type=\"widget\" data-widget_type=\"aux_modern_heading.default\">\n\t\t\t\t<div class=\"elementor-widget-container\">\n\t\t\t\t\t<section class=\"aux-widget-modern-heading\">\n            <div class=\"aux-widget-inner\"><h4 class=\"aux-modern-heading-primary\">Creaci\u00f3n y desarrollo de la <span style=\"color:#a5a718\"> identidad de marca de una empresa.<\/span><\/h4><h1 class=\"aux-modern-heading-secondary\"><span class=\"aux-head-before\">Branding <span style=\"color:#a5a718\"> Para Empresas<span><\/span><\/h1><div class=\"aux-modern-heading-description\"><p>Red Colmena ofrece Branding para Empresas, un servicio integral de creaci\u00f3n y fortalecimiento de marca. Nuestro equipo combina estrategia y creatividad para ayudar a las empresas a desarrollar una identidad distintiva y coherente.<\/p><p>Desde la investigaci\u00f3n hasta la creaci\u00f3n de materiales promocionales, trabajamos juntos para asegurar que la marca refleje la visi\u00f3n y los valores \u00fanicos de nuestros clientes.<\/p><p>Ofrecemos tambi\u00e9n un plan de mantenimiento para garantizar que la marca evolucione y sea relevante a largo plazo. Con nosotros, las empresas pueden tener una marca s\u00f3lida y coherente para crecer y alcanzar sus objetivos.<\/p><\/div><\/div>\n        <\/section>\t\t\t\t<\/div>\n\t\t\t\t<\/div>\n\t\t\t\t\t<\/div>\n\t\t<\/div>\n\t\t\t\t<div class=\"aux-parallax-section elementor-column elementor-col-50 elementor-top-column elementor-element elementor-element-66879cdc\" data-id=\"66879cdc\" data-element_type=\"column\" data-e-type=\"column\">\n\t\t\t<div class=\"elementor-widget-wrap elementor-element-populated\">\n\t\t\t\t\t\t<div class=\"elementor-element elementor-element-121724ed aux-appear-watch-animation aux-slide-from-right elementor-widget elementor-widget-image\" data-id=\"121724ed\" data-element_type=\"widget\" data-e-type=\"widget\" data-widget_type=\"image.default\">\n\t\t\t\t<div class=\"elementor-widget-container\">\n\t\t\t\t\t\t\t\t\t\t\t\t\t\t\t<img fetchpriority=\"high\" decoding=\"async\" width=\"800\" height=\"800\" src=\"https:\/\/www.redcolmena.com\/web\/wp-content\/uploads\/2023\/02\/Image-Web-Ser.png\" class=\"attachment-large size-large wp-image-251\" alt=\"\" srcset=\"https:\/\/www.redcolmena.com\/web\/wp-content\/uploads\/2023\/02\/Image-Web-Ser.png 800w, https:\/\/www.redcolmena.com\/web\/wp-content\/uploads\/2023\/02\/Image-Web-Ser-300x300.png 300w, https:\/\/www.redcolmena.com\/web\/wp-content\/uploads\/2023\/02\/Image-Web-Ser-150x150.png 150w, https:\/\/www.redcolmena.com\/web\/wp-content\/uploads\/2023\/02\/Image-Web-Ser-768x768.png 768w\" sizes=\"(max-width: 800px) 100vw, 800px\" \/>\t\t\t\t\t\t\t\t\t\t\t\t\t\t\t<\/div>\n\t\t\t\t<\/div>\n\t\t\t\t\t<\/div>\n\t\t<\/div>\n\t\t\t\t\t<\/div>\n\t\t<\/section>\n\t\t\t\t<section class=\"elementor-section elementor-top-section elementor-element elementor-element-77bdeca1 elementor-section-boxed elementor-section-height-default elementor-section-height-default\" data-id=\"77bdeca1\" data-element_type=\"section\" data-e-type=\"section\" data-settings=\"{&quot;background_background&quot;:&quot;classic&quot;}\">\n\t\t\t\t\t\t<div class=\"elementor-container elementor-column-gap-default\">\n\t\t\t\t\t<div class=\"aux-parallax-section elementor-column elementor-col-100 elementor-top-column elementor-element elementor-element-78ad8b0d\" data-id=\"78ad8b0d\" data-element_type=\"column\" data-e-type=\"column\">\n\t\t\t<div class=\"elementor-widget-wrap elementor-element-populated\">\n\t\t\t\t\t\t<div class=\"elementor-element elementor-element-3f65f6ea aux-appear-watch-animation aux-slide-from-left elementor-widget elementor-widget-aux_modern_heading\" data-id=\"3f65f6ea\" data-element_type=\"widget\" data-e-type=\"widget\" data-widget_type=\"aux_modern_heading.default\">\n\t\t\t\t<div class=\"elementor-widget-container\">\n\t\t\t\t\t<section class=\"aux-widget-modern-heading\">\n            <div class=\"aux-widget-inner\"><h1 class=\"aux-modern-heading-primary\">\u00bfCOMENZAMOS A <span style=\"color:white\">TRABAJAR?<\/span><\/h1><h2 class=\"aux-modern-heading-secondary\"><span class=\"aux-head-before\">Empieza hoy tu nuevo <span style=\"color:white\"> proyecto<span><\/span><\/h2><\/div>\n        <\/section>\t\t\t\t<\/div>\n\t\t\t\t<\/div>\n\t\t\t\t<div class=\"elementor-element elementor-element-42197f54 elementor-widget__width-auto elementor-align-center aux-appear-watch-animation aux-slide-from-right elementor-widget elementor-widget-button\" data-id=\"42197f54\" data-element_type=\"widget\" data-e-type=\"widget\" data-widget_type=\"button.default\">\n\t\t\t\t<div class=\"elementor-widget-container\">\n\t\t\t\t\t\t\t\t\t<div class=\"elementor-button-wrapper\">\n\t\t\t\t\t<a class=\"elementor-button elementor-button-link elementor-size-lg\" href=\"https:\/\/www.redcolmena.com\/web\/contacto\/\">\n\t\t\t\t\t\t<span class=\"elementor-button-content-wrapper\">\n\t\t\t\t\t\t\t\t\t<span class=\"elementor-button-text\">Agendar una reuni\u00f3n<\/span>\n\t\t\t\t\t<\/span>\n\t\t\t\t\t<\/a>\n\t\t\t\t<\/div>\n\t\t\t\t\t\t\t\t<\/div>\n\t\t\t\t<\/div>\n\t\t\t\t\t<\/div>\n\t\t<\/div>\n\t\t\t\t\t<\/div>\n\t\t<\/section>\n\t\t\t\t<\/div>\n\t\t","protected":false},"excerpt":{"rendered":"<p>Creaci\u00f3n y desarrollo de la identidad de marca de una empresa. Branding Para Empresas Red Colmena ofrece Branding para Empresas, un servicio integral de creaci\u00f3n y fortalecimiento de marca. Nuestro equipo combina estrategia y creatividad para ayudar a las empresas a desarrollar una identidad distintiva y coherente. Desde la investigaci\u00f3n hasta la creaci\u00f3n de materiales [&hellip;]<\/p>\n","protected":false},"author":1,"featured_media":0,"parent":334,"menu_order":0,"comment_status":"closed","ping_status":"closed","template":"elementor_header_footer","meta":{"footnotes":""},"class_list":["post-347","page","type-page","status-publish","hentry"],"yoast_head":"<!-- This site is optimized with the Yoast SEO plugin v27.0 - https:\/\/yoast.com\/product\/yoast-seo-wordpress\/ -->\n<title>Branding de Empresas - Red Colmena<\/title>\n<meta name=\"description\" content=\"Red Colmena ofrece Branding para Empresas, un servicio integral de creaci\u00f3n y fortalecimiento de marca. Te ayudamos en el proceso\" \/>\n<meta name=\"robots\" content=\"index, follow, max-snippet:-1, max-image-preview:large, max-video-preview:-1\" \/>\n<link rel=\"canonical\" href=\"https:\/\/www.redcolmena.com\/web\/servicios\/branding-de-empresas\/\" \/>\n<meta property=\"og:locale\" content=\"es_ES\" \/>\n<meta property=\"og:type\" content=\"article\" \/>\n<meta property=\"og:title\" content=\"Branding de Empresas - Red Colmena\" \/>\n<meta property=\"og:description\" content=\"Red Colmena ofrece Branding para Empresas, un servicio integral de creaci\u00f3n y fortalecimiento de marca. Te ayudamos en el proceso\" \/>\n<meta property=\"og:url\" content=\"https:\/\/www.redcolmena.com\/web\/servicios\/branding-de-empresas\/\" \/>\n<meta property=\"og:site_name\" content=\"Red Colmena\" \/>\n<meta property=\"article:modified_time\" content=\"2024-03-06T15:17:40+00:00\" \/>\n<meta property=\"og:image\" content=\"https:\/\/www.redcolmena.com\/web\/wp-content\/uploads\/2023\/02\/Image-Web-Ser.png\" \/>\n<meta name=\"twitter:card\" content=\"summary_large_image\" \/>\n<meta name=\"twitter:label1\" content=\"Tiempo de lectura\" \/>\n\t<meta name=\"twitter:data1\" content=\"1 minuto\" \/>\n<script type=\"application\/ld+json\" class=\"yoast-schema-graph\">{\"@context\":\"https:\/\/schema.org\",\"@graph\":[{\"@type\":\"WebPage\",\"@id\":\"https:\/\/www.redcolmena.com\/web\/servicios\/branding-de-empresas\/\",\"url\":\"https:\/\/www.redcolmena.com\/web\/servicios\/branding-de-empresas\/\",\"name\":\"Branding de Empresas - Red Colmena\",\"isPartOf\":{\"@id\":\"https:\/\/www.redcolmena.com\/web\/#website\"},\"primaryImageOfPage\":{\"@id\":\"https:\/\/www.redcolmena.com\/web\/servicios\/branding-de-empresas\/#primaryimage\"},\"image\":{\"@id\":\"https:\/\/www.redcolmena.com\/web\/servicios\/branding-de-empresas\/#primaryimage\"},\"thumbnailUrl\":\"https:\/\/www.redcolmena.com\/web\/wp-content\/uploads\/2023\/02\/Image-Web-Ser.png\",\"datePublished\":\"2023-02-13T11:14:24+00:00\",\"dateModified\":\"2024-03-06T15:17:40+00:00\",\"description\":\"Red Colmena ofrece Branding para Empresas, un servicio integral de creaci\u00f3n y fortalecimiento de marca. Te ayudamos en el proceso\",\"breadcrumb\":{\"@id\":\"https:\/\/www.redcolmena.com\/web\/servicios\/branding-de-empresas\/#breadcrumb\"},\"inLanguage\":\"es\",\"potentialAction\":[{\"@type\":\"ReadAction\",\"target\":[\"https:\/\/www.redcolmena.com\/web\/servicios\/branding-de-empresas\/\"]}]},{\"@type\":\"ImageObject\",\"inLanguage\":\"es\",\"@id\":\"https:\/\/www.redcolmena.com\/web\/servicios\/branding-de-empresas\/#primaryimage\",\"url\":\"https:\/\/www.redcolmena.com\/web\/wp-content\/uploads\/2023\/02\/Image-Web-Ser.png\",\"contentUrl\":\"https:\/\/www.redcolmena.com\/web\/wp-content\/uploads\/2023\/02\/Image-Web-Ser.png\",\"width\":800,\"height\":800},{\"@type\":\"BreadcrumbList\",\"@id\":\"https:\/\/www.redcolmena.com\/web\/servicios\/branding-de-empresas\/#breadcrumb\",\"itemListElement\":[{\"@type\":\"ListItem\",\"position\":1,\"name\":\"Portada\",\"item\":\"https:\/\/www.redcolmena.com\/web\/\"},{\"@type\":\"ListItem\",\"position\":2,\"name\":\"Servicios\",\"item\":\"https:\/\/www.redcolmena.com\/web\/servicios\/\"},{\"@type\":\"ListItem\",\"position\":3,\"name\":\"Branding de Empresas\"}]},{\"@type\":\"WebSite\",\"@id\":\"https:\/\/www.redcolmena.com\/web\/#website\",\"url\":\"https:\/\/www.redcolmena.com\/web\/\",\"name\":\"Red Colmena\",\"description\":\"\",\"potentialAction\":[{\"@type\":\"SearchAction\",\"target\":{\"@type\":\"EntryPoint\",\"urlTemplate\":\"https:\/\/www.redcolmena.com\/web\/?s={search_term_string}\"},\"query-input\":{\"@type\":\"PropertyValueSpecification\",\"valueRequired\":true,\"valueName\":\"search_term_string\"}}],\"inLanguage\":\"es\"}]}<\/script>\n<!-- \/ Yoast SEO plugin. -->","yoast_head_json":{"title":"Branding de Empresas - Red Colmena","description":"Red Colmena ofrece Branding para Empresas, un servicio integral de creaci\u00f3n y fortalecimiento de marca. Te ayudamos en el proceso","robots":{"index":"index","follow":"follow","max-snippet":"max-snippet:-1","max-image-preview":"max-image-preview:large","max-video-preview":"max-video-preview:-1"},"canonical":"https:\/\/www.redcolmena.com\/web\/servicios\/branding-de-empresas\/","og_locale":"es_ES","og_type":"article","og_title":"Branding de Empresas - Red Colmena","og_description":"Red Colmena ofrece Branding para Empresas, un servicio integral de creaci\u00f3n y fortalecimiento de marca. Te ayudamos en el proceso","og_url":"https:\/\/www.redcolmena.com\/web\/servicios\/branding-de-empresas\/","og_site_name":"Red Colmena","article_modified_time":"2024-03-06T15:17:40+00:00","og_image":[{"url":"https:\/\/www.redcolmena.com\/web\/wp-content\/uploads\/2023\/02\/Image-Web-Ser.png","type":"","width":"","height":""}],"twitter_card":"summary_large_image","twitter_misc":{"Tiempo de lectura":"1 minuto"},"schema":{"@context":"https:\/\/schema.org","@graph":[{"@type":"WebPage","@id":"https:\/\/www.redcolmena.com\/web\/servicios\/branding-de-empresas\/","url":"https:\/\/www.redcolmena.com\/web\/servicios\/branding-de-empresas\/","name":"Branding de Empresas - Red Colmena","isPartOf":{"@id":"https:\/\/www.redcolmena.com\/web\/#website"},"primaryImageOfPage":{"@id":"https:\/\/www.redcolmena.com\/web\/servicios\/branding-de-empresas\/#primaryimage"},"image":{"@id":"https:\/\/www.redcolmena.com\/web\/servicios\/branding-de-empresas\/#primaryimage"},"thumbnailUrl":"https:\/\/www.redcolmena.com\/web\/wp-content\/uploads\/2023\/02\/Image-Web-Ser.png","datePublished":"2023-02-13T11:14:24+00:00","dateModified":"2024-03-06T15:17:40+00:00","description":"Red Colmena ofrece Branding para Empresas, un servicio integral de creaci\u00f3n y fortalecimiento de marca. Te ayudamos en el proceso","breadcrumb":{"@id":"https:\/\/www.redcolmena.com\/web\/servicios\/branding-de-empresas\/#breadcrumb"},"inLanguage":"es","potentialAction":[{"@type":"ReadAction","target":["https:\/\/www.redcolmena.com\/web\/servicios\/branding-de-empresas\/"]}]},{"@type":"ImageObject","inLanguage":"es","@id":"https:\/\/www.redcolmena.com\/web\/servicios\/branding-de-empresas\/#primaryimage","url":"https:\/\/www.redcolmena.com\/web\/wp-content\/uploads\/2023\/02\/Image-Web-Ser.png","contentUrl":"https:\/\/www.redcolmena.com\/web\/wp-content\/uploads\/2023\/02\/Image-Web-Ser.png","width":800,"height":800},{"@type":"BreadcrumbList","@id":"https:\/\/www.redcolmena.com\/web\/servicios\/branding-de-empresas\/#breadcrumb","itemListElement":[{"@type":"ListItem","position":1,"name":"Portada","item":"https:\/\/www.redcolmena.com\/web\/"},{"@type":"ListItem","position":2,"name":"Servicios","item":"https:\/\/www.redcolmena.com\/web\/servicios\/"},{"@type":"ListItem","position":3,"name":"Branding de Empresas"}]},{"@type":"WebSite","@id":"https:\/\/www.redcolmena.com\/web\/#website","url":"https:\/\/www.redcolmena.com\/web\/","name":"Red Colmena","description":"","potentialAction":[{"@type":"SearchAction","target":{"@type":"EntryPoint","urlTemplate":"https:\/\/www.redcolmena.com\/web\/?s={search_term_string}"},"query-input":{"@type":"PropertyValueSpecification","valueRequired":true,"valueName":"search_term_string"}}],"inLanguage":"es"}]}},"_links":{"self":[{"href":"https:\/\/www.redcolmena.com\/web\/wp-json\/wp\/v2\/pages\/347","targetHints":{"allow":["GET"]}}],"collection":[{"href":"https:\/\/www.redcolmena.com\/web\/wp-json\/wp\/v2\/pages"}],"about":[{"href":"https:\/\/www.redcolmena.com\/web\/wp-json\/wp\/v2\/types\/page"}],"author":[{"embeddable":true,"href":"https:\/\/www.redcolmena.com\/web\/wp-json\/wp\/v2\/users\/1"}],"replies":[{"embeddable":true,"href":"https:\/\/www.redcolmena.com\/web\/wp-json\/wp\/v2\/comments?post=347"}],"version-history":[{"count":11,"href":"https:\/\/www.redcolmena.com\/web\/wp-json\/wp\/v2\/pages\/347\/revisions"}],"predecessor-version":[{"id":783,"href":"https:\/\/www.redcolmena.com\/web\/wp-json\/wp\/v2\/pages\/347\/revisions\/783"}],"up":[{"embeddable":true,"href":"https:\/\/www.redcolmena.com\/web\/wp-json\/wp\/v2\/pages\/334"}],"wp:attachment":[{"href":"https:\/\/www.redcolmena.com\/web\/wp-json\/wp\/v2\/media?parent=347"}],"curies":[{"name":"wp","href":"https:\/\/api.w.org\/{rel}","templated":true}]}}