{"id":355,"date":"2023-02-13T11:18:26","date_gmt":"2023-02-13T11:18:26","guid":{"rendered":"https:\/\/www.redcolmena.com\/web\/?page_id=355"},"modified":"2023-02-17T12:36:20","modified_gmt":"2023-02-17T12:36:20","slug":"aviso-legal","status":"publish","type":"page","link":"https:\/\/www.redcolmena.com\/web\/aviso-legal\/","title":{"rendered":"Aviso Legal"},"content":{"rendered":"\t\t<div data-elementor-type=\"wp-page\" data-elementor-id=\"355\" class=\"elementor elementor-355\" data-elementor-post-type=\"page\">\n\t\t\t\t\t\t<section class=\"elementor-section elementor-top-section elementor-element elementor-element-dda5a05 elementor-section-boxed elementor-section-height-default elementor-section-height-default\" data-id=\"dda5a05\" data-element_type=\"section\" data-e-type=\"section\">\n\t\t\t\t\t\t<div class=\"elementor-container elementor-column-gap-default\">\n\t\t\t\t\t<div class=\"aux-parallax-section elementor-column elementor-col-100 elementor-top-column elementor-element elementor-element-e1eb02a\" data-id=\"e1eb02a\" data-element_type=\"column\" data-e-type=\"column\">\n\t\t\t<div class=\"elementor-widget-wrap elementor-element-populated\">\n\t\t\t\t\t\t<div class=\"elementor-element elementor-element-2753a97 elementor-widget elementor-widget-text-editor\" data-id=\"2753a97\" data-element_type=\"widget\" data-e-type=\"widget\" data-widget_type=\"text-editor.default\">\n\t\t\t\t<div class=\"elementor-widget-container\">\n\t\t\t\t\t\t\t\t\t<h1>AVISO LEGAL<\/h1>\nEn cumplimiento de la Ley de Servicios de la Sociedad de la Informaci\u00f3n y de Comercio Electr\u00f3nico (com\u00fanmente conocida como LSSI-CE), RAFAEL ROMO GONZALEZ, pone en conocimiento de todos los lectores y usuarios que el contenido del dominio www.redcolmena.com, www.redcolmena.es y sus subdominios son responsabilidad de:\n\nRAFAEL ROMO GONZALEZ\n46750162V\nCalle Cartuja, 1\n29340 &#8211; Ca\u00f1ete la Real &#8211; M\u00e1laga &#8211; Espa\u00f1a\nTlf: 605 369 235\nE-mail: info@redcolmena.com\n<h1>CONDICIONES DE USO Y POL\u00cdTICA DE PRIVACIDAD<\/h1>\nLa informaci\u00f3n suministrada en nuestras p\u00e1ginas web tiene como finalidad facilitar el conocimiento por parte de los usuarios de las actividades que realiza RAFAEL ROMO GONZALEZ y de los servicios que presta. RAFAEL ROMO GONZALEZ se reserva el derecho de efectuar, en cualquier momento y sin previo aviso, cuantas modificaciones, variaciones, supresiones o cancelaciones en los contenidos y en la forma de presentaci\u00f3n de los mismos que considere necesarias, ya sea de forma temporal o definitiva, debiendo asegurarse el usuario de utilizar en cada momento la versi\u00f3n actualizada. Esta facultad no otorga a los usuarios ning\u00fan derecho a percibir indemnizaci\u00f3n por da\u00f1os y perjuicios. Los datos de car\u00e1cter personal que le pueda requerir RAFAEL ROMO GONZALEZ para acceder a los distintos servicios y contenidos ofertados en sus p\u00e1ginas web, s\u00f3lo se recogern para su tratamiento cuando sean adecuados, pertinentes y no excesivos en relaci\u00f3n con el \u00e1mbito y las finalidades para las que se hayan obtenido. RAFAEL ROMO GONZALEZ garantiza la confidencialidad de los datos de car\u00e1cter personal facilitados por los usuarios y su tratamiento, de acuerdo con la legislaci\u00f3n vigente en materia de protecci\u00f3n de datos de car\u00e1cter personal.\n<h1>EXONERACI\u00d3N DE RESPONSABILIDADES<\/h1>\n<em><b>Uso indebido:<\/b><\/em>\nRAFAEL ROMO GONZALEZ no se responsabiliza del mal uso que se realice de los contenidos de sus p\u00e1ginas web, ni de los da\u00f1os o perjuicios que se deriven del acceso o uso indebido de la informaci\u00f3n de dicha web.\n\n<em><b>Contenidos de terceros:<\/b><\/em>\nLa web puede contener enlaces de hipertexto hacia otras p\u00e1ginas de la World Wide Web, que son completamente independientes de estas p\u00e1ginas web. RAFAEL ROMO GONZALEZ no se responsabiliza ni garantiza, en modo alguno, la exactitud, insuficiencia o autenticidad de la informaci\u00f3n suministrada por cualquier persona o entidad, f\u00edsica o jur\u00eddica, con o sin personalidad jur\u00eddica propia, a trav\u00e9s de dichos enlaces de hipertexto.\n\n<em><b>Fallos tecnol\u00f3gicos, ajenos o propios:<\/b><\/em>\nRAFAEL ROMO GONZALEZ no se responsabiliza de los posibles da\u00f1os o perjuicios que se pudieran derivar de interferencias, omisiones, interrupciones, virus inform\u00e1ticos, aver\u00edas telef\u00f3nicas o desconexiones en el funcionamiento operativo del sistema elegido (red telef\u00f3nica, internet, etc.) motivadas por causas ajenas a ella; de retrasos o bloqueos en el uso del sistema elegido causados por deficiencias o sobrecargas de l\u00edneas telef\u00f3nicas o sobrecargas en el Centro de Proceso de Datos de RAFAEL ROMO GONZALEZ, en los servidores de internet o en otros sistemas electr\u00f3nicos, as\u00ed como de da\u00f1os que puedan ser causados por terceras personas mediante intromisiones ileg\u00edtimas en el sistema elegido, fuera del control de RAFAEL ROMO GONZALEZ. Asimismo, se exonera a RAFAEL ROMO GONZALEZ de responsabilidad ante cualquier da\u00f1o o perjuicio que pudiera sufrir el Cliente como consecuencia de errores, defectos u omisiones en la informaci\u00f3n facilitada por RAFAEL ROMO GONZALEZ, siempre que proceda de fuentes ajenas al mismo.\n\n<em><b>Intercambio o difusi\u00f3n de informaci\u00f3n:<\/b><\/em>\nRAFAEL ROMO GONZALEZ, declina toda responsabilidad que se derive del intercambio de informaci\u00f3n entre usuarios a trav\u00e9s de sus p\u00e1ginas web, correspondiendo la responsabilidad de las manifestaciones difundidas en sus p\u00e1ginas, a quien las efecte.\n\n<em><b>Propiedad Intelectual e Industrial:<\/b><\/em>\nEl Copyright del material contenido en esta web es propiedad de RAFAEL ROMO GONZALEZ. El acceso gratuito no implica otros derechos o licencias para reproducci\u00f3n y\/o distribuci\u00f3n sin la previa autorizaci\u00f3n expresa de RAFAEL ROMO GONZALEZ. Las marcas, logotipos, dise\u00f1os, contenidos, programas u objetos similares que forman parte de esta web, est\u00e1n protegidos por leyes de propiedad industrial e intelectual y por tratados internacionales. La reproducci\u00f3n, distribuci\u00f3n, manipulaci\u00f3n o desensamblaje no autorizado de los c\u00f3digos fuente, de los algoritmos incorporados o de las bases de datos, ya sea total o parcial, dar lugar a graves penalizaciones tanto civiles como penales y ser objeto de cuantas acciones judiciales correspondan en Derecho.\t\t\t\t\t\t\t\t<\/div>\n\t\t\t\t<\/div>\n\t\t\t\t\t<\/div>\n\t\t<\/div>\n\t\t\t\t\t<\/div>\n\t\t<\/section>\n\t\t\t\t<\/div>\n\t\t","protected":false},"excerpt":{"rendered":"<p>AVISO LEGAL En cumplimiento de la Ley de Servicios de la Sociedad de la Informaci\u00f3n y de Comercio Electr\u00f3nico (com\u00fanmente conocida como LSSI-CE), RAFAEL ROMO GONZALEZ, pone en conocimiento de todos los lectores y usuarios que el contenido del dominio www.redcolmena.com, www.redcolmena.es y sus subdominios son responsabilidad de: RAFAEL ROMO GONZALEZ 46750162V Calle Cartuja, 1 [&hellip;]<\/p>\n","protected":false},"author":1,"featured_media":0,"parent":0,"menu_order":0,"comment_status":"closed","ping_status":"closed","template":"","meta":{"footnotes":""},"class_list":["post-355","page","type-page","status-publish","hentry"],"yoast_head":"<!-- This site is optimized with the Yoast SEO plugin v27.0 - https:\/\/yoast.com\/product\/yoast-seo-wordpress\/ -->\n<title>Aviso Legal - Red Colmena<\/title>\n<meta name=\"robots\" content=\"index, follow, max-snippet:-1, max-image-preview:large, max-video-preview:-1\" \/>\n<link rel=\"canonical\" href=\"https:\/\/www.redcolmena.com\/web\/aviso-legal\/\" \/>\n<meta property=\"og:locale\" content=\"es_ES\" \/>\n<meta property=\"og:type\" content=\"article\" \/>\n<meta property=\"og:title\" content=\"Aviso Legal - Red Colmena\" \/>\n<meta property=\"og:description\" content=\"AVISO LEGAL En cumplimiento de la Ley de Servicios de la Sociedad de la Informaci\u00f3n y de Comercio Electr\u00f3nico (com\u00fanmente conocida como LSSI-CE), RAFAEL ROMO GONZALEZ, pone en conocimiento de todos los lectores y usuarios que el contenido del dominio www.redcolmena.com, www.redcolmena.es y sus subdominios son responsabilidad de: RAFAEL ROMO GONZALEZ 46750162V Calle Cartuja, 1 [&hellip;]\" \/>\n<meta property=\"og:url\" content=\"https:\/\/www.redcolmena.com\/web\/aviso-legal\/\" \/>\n<meta property=\"og:site_name\" content=\"Red Colmena\" \/>\n<meta property=\"article:modified_time\" content=\"2023-02-17T12:36:20+00:00\" \/>\n<meta name=\"twitter:card\" content=\"summary_large_image\" \/>\n<meta name=\"twitter:label1\" content=\"Tiempo de lectura\" \/>\n\t<meta name=\"twitter:data1\" content=\"4 minutos\" \/>\n<script type=\"application\/ld+json\" class=\"yoast-schema-graph\">{\"@context\":\"https:\/\/schema.org\",\"@graph\":[{\"@type\":\"WebPage\",\"@id\":\"https:\/\/www.redcolmena.com\/web\/aviso-legal\/\",\"url\":\"https:\/\/www.redcolmena.com\/web\/aviso-legal\/\",\"name\":\"Aviso Legal - Red Colmena\",\"isPartOf\":{\"@id\":\"https:\/\/www.redcolmena.com\/web\/#website\"},\"datePublished\":\"2023-02-13T11:18:26+00:00\",\"dateModified\":\"2023-02-17T12:36:20+00:00\",\"breadcrumb\":{\"@id\":\"https:\/\/www.redcolmena.com\/web\/aviso-legal\/#breadcrumb\"},\"inLanguage\":\"es\",\"potentialAction\":[{\"@type\":\"ReadAction\",\"target\":[\"https:\/\/www.redcolmena.com\/web\/aviso-legal\/\"]}]},{\"@type\":\"BreadcrumbList\",\"@id\":\"https:\/\/www.redcolmena.com\/web\/aviso-legal\/#breadcrumb\",\"itemListElement\":[{\"@type\":\"ListItem\",\"position\":1,\"name\":\"Portada\",\"item\":\"https:\/\/www.redcolmena.com\/web\/\"},{\"@type\":\"ListItem\",\"position\":2,\"name\":\"Aviso Legal\"}]},{\"@type\":\"WebSite\",\"@id\":\"https:\/\/www.redcolmena.com\/web\/#website\",\"url\":\"https:\/\/www.redcolmena.com\/web\/\",\"name\":\"Red Colmena\",\"description\":\"\",\"potentialAction\":[{\"@type\":\"SearchAction\",\"target\":{\"@type\":\"EntryPoint\",\"urlTemplate\":\"https:\/\/www.redcolmena.com\/web\/?s={search_term_string}\"},\"query-input\":{\"@type\":\"PropertyValueSpecification\",\"valueRequired\":true,\"valueName\":\"search_term_string\"}}],\"inLanguage\":\"es\"}]}<\/script>\n<!-- \/ Yoast SEO plugin. -->","yoast_head_json":{"title":"Aviso Legal - Red Colmena","robots":{"index":"index","follow":"follow","max-snippet":"max-snippet:-1","max-image-preview":"max-image-preview:large","max-video-preview":"max-video-preview:-1"},"canonical":"https:\/\/www.redcolmena.com\/web\/aviso-legal\/","og_locale":"es_ES","og_type":"article","og_title":"Aviso Legal - Red Colmena","og_description":"AVISO LEGAL En cumplimiento de la Ley de Servicios de la Sociedad de la Informaci\u00f3n y de Comercio Electr\u00f3nico (com\u00fanmente conocida como LSSI-CE), RAFAEL ROMO GONZALEZ, pone en conocimiento de todos los lectores y usuarios que el contenido del dominio www.redcolmena.com, www.redcolmena.es y sus subdominios son responsabilidad de: RAFAEL ROMO GONZALEZ 46750162V Calle Cartuja, 1 [&hellip;]","og_url":"https:\/\/www.redcolmena.com\/web\/aviso-legal\/","og_site_name":"Red Colmena","article_modified_time":"2023-02-17T12:36:20+00:00","twitter_card":"summary_large_image","twitter_misc":{"Tiempo de lectura":"4 minutos"},"schema":{"@context":"https:\/\/schema.org","@graph":[{"@type":"WebPage","@id":"https:\/\/www.redcolmena.com\/web\/aviso-legal\/","url":"https:\/\/www.redcolmena.com\/web\/aviso-legal\/","name":"Aviso Legal - Red Colmena","isPartOf":{"@id":"https:\/\/www.redcolmena.com\/web\/#website"},"datePublished":"2023-02-13T11:18:26+00:00","dateModified":"2023-02-17T12:36:20+00:00","breadcrumb":{"@id":"https:\/\/www.redcolmena.com\/web\/aviso-legal\/#breadcrumb"},"inLanguage":"es","potentialAction":[{"@type":"ReadAction","target":["https:\/\/www.redcolmena.com\/web\/aviso-legal\/"]}]},{"@type":"BreadcrumbList","@id":"https:\/\/www.redcolmena.com\/web\/aviso-legal\/#breadcrumb","itemListElement":[{"@type":"ListItem","position":1,"name":"Portada","item":"https:\/\/www.redcolmena.com\/web\/"},{"@type":"ListItem","position":2,"name":"Aviso Legal"}]},{"@type":"WebSite","@id":"https:\/\/www.redcolmena.com\/web\/#website","url":"https:\/\/www.redcolmena.com\/web\/","name":"Red Colmena","description":"","potentialAction":[{"@type":"SearchAction","target":{"@type":"EntryPoint","urlTemplate":"https:\/\/www.redcolmena.com\/web\/?s={search_term_string}"},"query-input":{"@type":"PropertyValueSpecification","valueRequired":true,"valueName":"search_term_string"}}],"inLanguage":"es"}]}},"_links":{"self":[{"href":"https:\/\/www.redcolmena.com\/web\/wp-json\/wp\/v2\/pages\/355","targetHints":{"allow":["GET"]}}],"collection":[{"href":"https:\/\/www.redcolmena.com\/web\/wp-json\/wp\/v2\/pages"}],"about":[{"href":"https:\/\/www.redcolmena.com\/web\/wp-json\/wp\/v2\/types\/page"}],"author":[{"embeddable":true,"href":"https:\/\/www.redcolmena.com\/web\/wp-json\/wp\/v2\/users\/1"}],"replies":[{"embeddable":true,"href":"https:\/\/www.redcolmena.com\/web\/wp-json\/wp\/v2\/comments?post=355"}],"version-history":[{"count":10,"href":"https:\/\/www.redcolmena.com\/web\/wp-json\/wp\/v2\/pages\/355\/revisions"}],"predecessor-version":[{"id":518,"href":"https:\/\/www.redcolmena.com\/web\/wp-json\/wp\/v2\/pages\/355\/revisions\/518"}],"wp:attachment":[{"href":"https:\/\/www.redcolmena.com\/web\/wp-json\/wp\/v2\/media?parent=355"}],"curies":[{"name":"wp","href":"https:\/\/api.w.org\/{rel}","templated":true}]}}