{"id":653,"date":"2023-03-07T08:08:12","date_gmt":"2023-03-07T08:08:12","guid":{"rendered":"https:\/\/www.redcolmena.com\/web\/?page_id=653"},"modified":"2023-03-07T08:09:18","modified_gmt":"2023-03-07T08:09:18","slug":"union-europea-nextgenerationeu","status":"publish","type":"page","link":"https:\/\/www.redcolmena.com\/web\/union-europea-nextgenerationeu\/","title":{"rendered":"Uni\u00f3n Europea \u2013 NextGenerationEU"},"content":{"rendered":"\t\t<div data-elementor-type=\"wp-page\" data-elementor-id=\"653\" class=\"elementor elementor-653\" data-elementor-post-type=\"page\">\n\t\t\t\t\t\t<section class=\"elementor-section elementor-top-section elementor-element elementor-element-14fa83a elementor-section-boxed elementor-section-height-default elementor-section-height-default\" data-id=\"14fa83a\" data-element_type=\"section\" data-e-type=\"section\">\n\t\t\t\t\t\t<div class=\"elementor-container elementor-column-gap-default\">\n\t\t\t\t\t<div class=\"aux-parallax-section elementor-column elementor-col-100 elementor-top-column elementor-element elementor-element-1a912d3\" data-id=\"1a912d3\" data-element_type=\"column\" data-e-type=\"column\">\n\t\t\t<div class=\"elementor-widget-wrap elementor-element-populated\">\n\t\t\t\t\t\t<div class=\"elementor-element elementor-element-2fc2f92 elementor-widget elementor-widget-text-editor\" data-id=\"2fc2f92\" data-element_type=\"widget\" data-e-type=\"widget\" data-widget_type=\"text-editor.default\">\n\t\t\t\t<div class=\"elementor-widget-container\">\n\t\t\t\t\t\t\t\t\t<div class=\"column\"><h2 class=\"fusion-responsive-typography-calculated\" data-fontsize=\"30\" data-lineheight=\"24.9px\">Uni\u00f3n Europea \u2013 NextGenerationEU<\/h2><p>Dise\u00f1o Web financiado por la Unio\u0301n Europea \u2013 NextGenerationEU en el marco del Plan de Recuperacio\u0301n, Transformacio\u0301n y Resiliencia.<\/p><p><strong>Kit Digital es una iniciativa del Gobierno de Espa\u00f1a,<\/strong>\u00a0cuyo objetivo es subvencionar la implantaci\u00f3n de soluciones digitales disponibles en el mercado para conseguir un avance significativo en el nivel de madurez digital.<\/p><\/div><div class=\"h3 text-white font-bold font-30\"><strong>\u00bfA qui\u00e9n va dirigido?<\/strong><\/div><div class=\"h5 text-white font-montserrat font-regular font-18\">Las soluciones digitales que proporciona el Kit Digital est\u00e1n orientadas a las necesidades de las peque\u00f1as empresas, microempresas y trabajadores aut\u00f3nomos, que pertenezcan a cualquier sector o tipolog\u00eda de negocio.<\/div>\t\t\t\t\t\t\t\t<\/div>\n\t\t\t\t<\/div>\n\t\t\t\t\t<\/div>\n\t\t<\/div>\n\t\t\t\t\t<\/div>\n\t\t<\/section>\n\t\t\t\t<section class=\"elementor-section elementor-top-section elementor-element elementor-element-7a1488c elementor-section-boxed elementor-section-height-default elementor-section-height-default\" data-id=\"7a1488c\" data-element_type=\"section\" data-e-type=\"section\">\n\t\t\t\t\t\t<div class=\"elementor-container elementor-column-gap-default\">\n\t\t\t\t\t<div class=\"aux-parallax-section elementor-column elementor-col-100 elementor-top-column elementor-element elementor-element-434a7fe\" data-id=\"434a7fe\" data-element_type=\"column\" data-e-type=\"column\">\n\t\t\t<div class=\"elementor-widget-wrap elementor-element-populated\">\n\t\t\t\t\t\t<div class=\"elementor-element elementor-element-a90a3ec elementor-widget elementor-widget-image\" data-id=\"a90a3ec\" data-element_type=\"widget\" data-e-type=\"widget\" data-widget_type=\"image.default\">\n\t\t\t\t<div class=\"elementor-widget-container\">\n\t\t\t\t\t\t\t\t\t\t\t\t\t\t\t<img fetchpriority=\"high\" decoding=\"async\" width=\"1200\" height=\"111\" src=\"https:\/\/www.redcolmena.com\/web\/wp-content\/uploads\/2023\/03\/BannersKIT.jpg\" class=\"attachment-full size-full wp-image-658\" alt=\"\" \/>\t\t\t\t\t\t\t\t\t\t\t\t\t\t\t<\/div>\n\t\t\t\t<\/div>\n\t\t\t\t\t<\/div>\n\t\t<\/div>\n\t\t\t\t\t<\/div>\n\t\t<\/section>\n\t\t\t\t<\/div>\n\t\t","protected":false},"excerpt":{"rendered":"<p>Uni\u00f3n Europea \u2013 NextGenerationEU Dise\u00f1o Web financiado por la Unio\u0301n Europea \u2013 NextGenerationEU en el marco del Plan de Recuperacio\u0301n, Transformacio\u0301n y Resiliencia. Kit Digital es una iniciativa del Gobierno de Espa\u00f1a,\u00a0cuyo objetivo es subvencionar la implantaci\u00f3n de soluciones digitales disponibles en el mercado para conseguir un avance significativo en el nivel de madurez digital. [&hellip;]<\/p>\n","protected":false},"author":1,"featured_media":0,"parent":0,"menu_order":0,"comment_status":"closed","ping_status":"closed","template":"","meta":{"footnotes":""},"class_list":["post-653","page","type-page","status-publish","hentry"],"yoast_head":"<!-- This site is optimized with the Yoast SEO plugin v27.0 - https:\/\/yoast.com\/product\/yoast-seo-wordpress\/ -->\n<title>Uni\u00f3n Europea \u2013 NextGenerationEU - Red Colmena<\/title>\n<meta name=\"robots\" content=\"index, follow, max-snippet:-1, max-image-preview:large, max-video-preview:-1\" \/>\n<link rel=\"canonical\" href=\"https:\/\/www.redcolmena.com\/web\/union-europea-nextgenerationeu\/\" \/>\n<meta property=\"og:locale\" content=\"es_ES\" \/>\n<meta property=\"og:type\" content=\"article\" \/>\n<meta property=\"og:title\" content=\"Uni\u00f3n Europea \u2013 NextGenerationEU - Red Colmena\" \/>\n<meta property=\"og:description\" content=\"Uni\u00f3n Europea \u2013 NextGenerationEU Dise\u00f1o Web financiado por la Unio\u0301n Europea \u2013 NextGenerationEU en el marco del Plan de Recuperacio\u0301n, Transformacio\u0301n y Resiliencia. Kit Digital es una iniciativa del Gobierno de Espa\u00f1a,\u00a0cuyo objetivo es subvencionar la implantaci\u00f3n de soluciones digitales disponibles en el mercado para conseguir un avance significativo en el nivel de madurez digital. [&hellip;]\" \/>\n<meta property=\"og:url\" content=\"https:\/\/www.redcolmena.com\/web\/union-europea-nextgenerationeu\/\" \/>\n<meta property=\"og:site_name\" content=\"Red Colmena\" \/>\n<meta property=\"article:modified_time\" content=\"2023-03-07T08:09:18+00:00\" \/>\n<meta property=\"og:image\" content=\"https:\/\/www.redcolmena.com\/web\/wp-content\/uploads\/2023\/03\/BannersKIT.jpg\" \/>\n<meta name=\"twitter:card\" content=\"summary_large_image\" \/>\n<meta name=\"twitter:label1\" content=\"Tiempo de lectura\" \/>\n\t<meta name=\"twitter:data1\" content=\"1 minuto\" \/>\n<script type=\"application\/ld+json\" class=\"yoast-schema-graph\">{\"@context\":\"https:\/\/schema.org\",\"@graph\":[{\"@type\":\"WebPage\",\"@id\":\"https:\/\/www.redcolmena.com\/web\/union-europea-nextgenerationeu\/\",\"url\":\"https:\/\/www.redcolmena.com\/web\/union-europea-nextgenerationeu\/\",\"name\":\"Uni\u00f3n Europea \u2013 NextGenerationEU - Red Colmena\",\"isPartOf\":{\"@id\":\"https:\/\/www.redcolmena.com\/web\/#website\"},\"primaryImageOfPage\":{\"@id\":\"https:\/\/www.redcolmena.com\/web\/union-europea-nextgenerationeu\/#primaryimage\"},\"image\":{\"@id\":\"https:\/\/www.redcolmena.com\/web\/union-europea-nextgenerationeu\/#primaryimage\"},\"thumbnailUrl\":\"https:\/\/www.redcolmena.com\/web\/wp-content\/uploads\/2023\/03\/BannersKIT.jpg\",\"datePublished\":\"2023-03-07T08:08:12+00:00\",\"dateModified\":\"2023-03-07T08:09:18+00:00\",\"breadcrumb\":{\"@id\":\"https:\/\/www.redcolmena.com\/web\/union-europea-nextgenerationeu\/#breadcrumb\"},\"inLanguage\":\"es\",\"potentialAction\":[{\"@type\":\"ReadAction\",\"target\":[\"https:\/\/www.redcolmena.com\/web\/union-europea-nextgenerationeu\/\"]}]},{\"@type\":\"ImageObject\",\"inLanguage\":\"es\",\"@id\":\"https:\/\/www.redcolmena.com\/web\/union-europea-nextgenerationeu\/#primaryimage\",\"url\":\"https:\/\/www.redcolmena.com\/web\/wp-content\/uploads\/2023\/03\/BannersKIT.jpg\",\"contentUrl\":\"https:\/\/www.redcolmena.com\/web\/wp-content\/uploads\/2023\/03\/BannersKIT.jpg\"},{\"@type\":\"BreadcrumbList\",\"@id\":\"https:\/\/www.redcolmena.com\/web\/union-europea-nextgenerationeu\/#breadcrumb\",\"itemListElement\":[{\"@type\":\"ListItem\",\"position\":1,\"name\":\"Portada\",\"item\":\"https:\/\/www.redcolmena.com\/web\/\"},{\"@type\":\"ListItem\",\"position\":2,\"name\":\"Uni\u00f3n Europea \u2013 NextGenerationEU\"}]},{\"@type\":\"WebSite\",\"@id\":\"https:\/\/www.redcolmena.com\/web\/#website\",\"url\":\"https:\/\/www.redcolmena.com\/web\/\",\"name\":\"Red Colmena\",\"description\":\"\",\"potentialAction\":[{\"@type\":\"SearchAction\",\"target\":{\"@type\":\"EntryPoint\",\"urlTemplate\":\"https:\/\/www.redcolmena.com\/web\/?s={search_term_string}\"},\"query-input\":{\"@type\":\"PropertyValueSpecification\",\"valueRequired\":true,\"valueName\":\"search_term_string\"}}],\"inLanguage\":\"es\"}]}<\/script>\n<!-- \/ Yoast SEO plugin. -->","yoast_head_json":{"title":"Uni\u00f3n Europea \u2013 NextGenerationEU - Red Colmena","robots":{"index":"index","follow":"follow","max-snippet":"max-snippet:-1","max-image-preview":"max-image-preview:large","max-video-preview":"max-video-preview:-1"},"canonical":"https:\/\/www.redcolmena.com\/web\/union-europea-nextgenerationeu\/","og_locale":"es_ES","og_type":"article","og_title":"Uni\u00f3n Europea \u2013 NextGenerationEU - Red Colmena","og_description":"Uni\u00f3n Europea \u2013 NextGenerationEU Dise\u00f1o Web financiado por la Unio\u0301n Europea \u2013 NextGenerationEU en el marco del Plan de Recuperacio\u0301n, Transformacio\u0301n y Resiliencia. Kit Digital es una iniciativa del Gobierno de Espa\u00f1a,\u00a0cuyo objetivo es subvencionar la implantaci\u00f3n de soluciones digitales disponibles en el mercado para conseguir un avance significativo en el nivel de madurez digital. [&hellip;]","og_url":"https:\/\/www.redcolmena.com\/web\/union-europea-nextgenerationeu\/","og_site_name":"Red Colmena","article_modified_time":"2023-03-07T08:09:18+00:00","og_image":[{"url":"https:\/\/www.redcolmena.com\/web\/wp-content\/uploads\/2023\/03\/BannersKIT.jpg","type":"","width":"","height":""}],"twitter_card":"summary_large_image","twitter_misc":{"Tiempo de lectura":"1 minuto"},"schema":{"@context":"https:\/\/schema.org","@graph":[{"@type":"WebPage","@id":"https:\/\/www.redcolmena.com\/web\/union-europea-nextgenerationeu\/","url":"https:\/\/www.redcolmena.com\/web\/union-europea-nextgenerationeu\/","name":"Uni\u00f3n Europea \u2013 NextGenerationEU - Red Colmena","isPartOf":{"@id":"https:\/\/www.redcolmena.com\/web\/#website"},"primaryImageOfPage":{"@id":"https:\/\/www.redcolmena.com\/web\/union-europea-nextgenerationeu\/#primaryimage"},"image":{"@id":"https:\/\/www.redcolmena.com\/web\/union-europea-nextgenerationeu\/#primaryimage"},"thumbnailUrl":"https:\/\/www.redcolmena.com\/web\/wp-content\/uploads\/2023\/03\/BannersKIT.jpg","datePublished":"2023-03-07T08:08:12+00:00","dateModified":"2023-03-07T08:09:18+00:00","breadcrumb":{"@id":"https:\/\/www.redcolmena.com\/web\/union-europea-nextgenerationeu\/#breadcrumb"},"inLanguage":"es","potentialAction":[{"@type":"ReadAction","target":["https:\/\/www.redcolmena.com\/web\/union-europea-nextgenerationeu\/"]}]},{"@type":"ImageObject","inLanguage":"es","@id":"https:\/\/www.redcolmena.com\/web\/union-europea-nextgenerationeu\/#primaryimage","url":"https:\/\/www.redcolmena.com\/web\/wp-content\/uploads\/2023\/03\/BannersKIT.jpg","contentUrl":"https:\/\/www.redcolmena.com\/web\/wp-content\/uploads\/2023\/03\/BannersKIT.jpg"},{"@type":"BreadcrumbList","@id":"https:\/\/www.redcolmena.com\/web\/union-europea-nextgenerationeu\/#breadcrumb","itemListElement":[{"@type":"ListItem","position":1,"name":"Portada","item":"https:\/\/www.redcolmena.com\/web\/"},{"@type":"ListItem","position":2,"name":"Uni\u00f3n Europea \u2013 NextGenerationEU"}]},{"@type":"WebSite","@id":"https:\/\/www.redcolmena.com\/web\/#website","url":"https:\/\/www.redcolmena.com\/web\/","name":"Red Colmena","description":"","potentialAction":[{"@type":"SearchAction","target":{"@type":"EntryPoint","urlTemplate":"https:\/\/www.redcolmena.com\/web\/?s={search_term_string}"},"query-input":{"@type":"PropertyValueSpecification","valueRequired":true,"valueName":"search_term_string"}}],"inLanguage":"es"}]}},"_links":{"self":[{"href":"https:\/\/www.redcolmena.com\/web\/wp-json\/wp\/v2\/pages\/653","targetHints":{"allow":["GET"]}}],"collection":[{"href":"https:\/\/www.redcolmena.com\/web\/wp-json\/wp\/v2\/pages"}],"about":[{"href":"https:\/\/www.redcolmena.com\/web\/wp-json\/wp\/v2\/types\/page"}],"author":[{"embeddable":true,"href":"https:\/\/www.redcolmena.com\/web\/wp-json\/wp\/v2\/users\/1"}],"replies":[{"embeddable":true,"href":"https:\/\/www.redcolmena.com\/web\/wp-json\/wp\/v2\/comments?post=653"}],"version-history":[{"count":7,"href":"https:\/\/www.redcolmena.com\/web\/wp-json\/wp\/v2\/pages\/653\/revisions"}],"predecessor-version":[{"id":661,"href":"https:\/\/www.redcolmena.com\/web\/wp-json\/wp\/v2\/pages\/653\/revisions\/661"}],"wp:attachment":[{"href":"https:\/\/www.redcolmena.com\/web\/wp-json\/wp\/v2\/media?parent=653"}],"curies":[{"name":"wp","href":"https:\/\/api.w.org\/{rel}","templated":true}]}}