{"id":665,"date":"2023-03-07T08:23:10","date_gmt":"2023-03-07T08:23:10","guid":{"rendered":"https:\/\/www.redcolmena.com\/web\/?page_id=665"},"modified":"2023-03-07T08:26:23","modified_gmt":"2023-03-07T08:26:23","slug":"politica-de-accesibilidad","status":"publish","type":"page","link":"https:\/\/www.redcolmena.com\/web\/politica-de-accesibilidad\/","title":{"rendered":"Pol\u00edtica de accesibilidad"},"content":{"rendered":"\t\t<div data-elementor-type=\"wp-page\" data-elementor-id=\"665\" class=\"elementor elementor-665\" data-elementor-post-type=\"page\">\n\t\t\t\t\t\t<section class=\"elementor-section elementor-top-section elementor-element elementor-element-446d62b elementor-section-boxed elementor-section-height-default elementor-section-height-default\" data-id=\"446d62b\" data-element_type=\"section\" data-e-type=\"section\">\n\t\t\t\t\t\t<div class=\"elementor-container elementor-column-gap-default\">\n\t\t\t\t\t<div class=\"aux-parallax-section elementor-column elementor-col-100 elementor-top-column elementor-element elementor-element-f05efff\" data-id=\"f05efff\" data-element_type=\"column\" data-e-type=\"column\">\n\t\t\t<div class=\"elementor-widget-wrap elementor-element-populated\">\n\t\t\t\t\t\t<div class=\"elementor-element elementor-element-2d89832 elementor-widget elementor-widget-text-editor\" data-id=\"2d89832\" data-element_type=\"widget\" data-e-type=\"widget\" data-widget_type=\"text-editor.default\">\n\t\t\t\t<div class=\"elementor-widget-container\">\n\t\t\t\t\t\t\t\t\t<h1>Declaraci\u00f3n Accesibilidad<\/h1><p>RAFAEL ROMO GONZALEZ se compromete en hacer accesible su sitio web de conformidad con el <a role=\"link\" href=\"https:\/\/www.boe.es\/diario_boe\/txt.php?id=BOE-A-2018-12699\" target=\"_blank\" rel=\"noopener noreferrer\">Real Decreto 1112\/2018, sobre accesibilidad de los sitios webs y aplicaciones para dispositivos m\u00f3viles del sector p\u00fablico.\u00a0<\/a> La presente declaraci\u00f3n de accesibilidad se aplica al sitio web <a href=\"https:\/\/www.redcolmena.com\/\">www.redcolmena.es<\/a><\/p><h3 class=\"text-4xl m-0 mb-3\">\u00a0Situaci\u00f3n de cumplimiento<\/h3><p>Este sitio web es\u00a0<strong>parcialmente conforme<\/strong>\u00a0con el RD 1112\/2018 debido a la falta de conformidad de los aspectos que se indican a continuaci\u00f3n.<\/p><h3 class=\"text-4xl m-0 mb-3\">Contenido no accesible<\/h3><p>El contenido que se recoge a continuaci\u00f3n no es accesible por lo siguiente:<\/p><ul><li class=\"relative ml-5\">falta de conformidad con el RD 1112\/2018<ul><li class=\"relative ml-5\">Se pueden encontrar im\u00e1genes sin que acompa\u00f1e texto explicativo.<\/li><li class=\"relative ml-5\">Se puede encontrar a\u00fan anidamientos incorrectos de etiquetas.<\/li><li class=\"relative ml-5\">Podr\u00edan existir fallos de edici\u00f3n en la p\u00e1gina web.<\/li><\/ul><\/li><li class=\"relative ml-5\">carga desproporcionada<ul><li class=\"relative ml-5\">No aplica.<\/li><\/ul><\/li><li class=\"relative ml-5\">el contenido no entra dentro del \u00e1mbito de la legislaci\u00f3n aplicable<ul><li class=\"relative ml-5\">Existen archivos ofim\u00e1ticos en PDF que no cumplan en su totalidad todos los requisitos de accesibilidad.<\/li><\/ul><\/li><\/ul><h3 class=\"text-3xl m-0 mb-3\">Preparaci\u00f3n de la presente declaraci\u00f3n de accesibilidad:<\/h3><p>La presente declaraci\u00f3n fue preparada el 20 de enero de 2023. El m\u00e9todo empleado para preparar la declaraci\u00f3n ha sido una autoevaluaci\u00f3n llevada a cabo por medios propios. \u00daltima revisi\u00f3n de la declaraci\u00f3n: 20 de enero de 2023.<\/p><h3 class=\"text-3xl m-0 mb-3\">Observaciones y datos de contacto:<\/h3><p>Puede realizar comunicaciones sobre requisitos de accesibilidad (art\u00edculo 10.2.a) del RD 1112\/2018) como por ejemplo: 1. Informar sobre cualquier posible incumplimiento por parte de este sitio web. 2. Transmitir otras dificultades de acceso al contenido 3. Formular cualquier otra consulta o sugerencia de mejora relativa a la accesibilidad del sitio web A trav\u00e9s de nuestro\u00a0<a role=\"link\" href=\"https:\/\/www.redcolmena.com\/web\/contacto\/\" target=\"_blank\" rel=\"noopener noreferrer\">apartado de contacto<\/a>\u00a0Indicando en el Asunto: \u00abAccesibilidad Web\u00bb Las comunicaciones ser\u00e1n recibidas y tratadas por el equipo de Accesibilidad.\u00a0<strong>Contenido opcional<\/strong>\u00a0En esta web se han adoptado una serie de medidas cuyo objetivo es mejorar la accesibilidad. Las ventajas que esto conlleva son, entre otras: 1. Facilitar el acceso de las personas independientemente de su condici\u00f3n f\u00edsica o de su entorno. 2. Incluir contenidos claros y bien estructurados. 3. Mejorar la navegaci\u00f3n y la experiencia del usuario. Entre las medidas adoptadas:\u00a0<strong>Lector de contenido<\/strong>\u00a0Este portal dispone de un servicio de audio contenidos que facilita el acceso a la informaci\u00f3n por parte de usuarios con dificultades para su lectura en pantalla. Con esta herramienta se facilita el acceso a la informaci\u00f3n, incorporando el formato audio para acceder a los contenidos. El servicio cuenta con algunas caracter\u00edsticas personalizables: El texto se destaca mientras est\u00e1 siendo le\u00eddo, reforzando as\u00ed su comprensi\u00f3n. Permite modificar la velocidad de lectura y la forma en la que se resalta el texto: frase por frase, o bien palabra por palabra. Se puede seleccionar parte del texto, para escuchar s\u00f3lo determinados contenidos de la p\u00e1gina. Permite descargar el audio generado en formato mp3.\u00a0<strong>Atajos de teclado<\/strong><\/p><ul><li class=\"relative ml-5\">Internet Explorer 6 o superiores: ALT + Tecla de acceso r\u00e1pido + Tecla ENTER<\/li><li class=\"relative ml-5\">Mozilla Firefox 2.0 o superiores: ALT + MAYUSCULAS + Tecla de acceso r\u00e1pido (configuraci\u00f3n \u2013 avanzada en navegador con dos teclas)<\/li><li class=\"relative ml-5\">Opera: Tecla May\u00fasculas + Esc para activar las teclas de acceso r\u00e1pido<\/li><li class=\"relative ml-5\">MacOS: CONTROL + Tecla de acceso r\u00e1pido.<\/li><li class=\"relative ml-5\">Chrome: ALT + Tecla de acceso r\u00e1pido.<\/li><\/ul>\t\t\t\t\t\t\t\t<\/div>\n\t\t\t\t<\/div>\n\t\t\t\t\t<\/div>\n\t\t<\/div>\n\t\t\t\t\t<\/div>\n\t\t<\/section>\n\t\t\t\t<\/div>\n\t\t","protected":false},"excerpt":{"rendered":"<p>Declaraci\u00f3n Accesibilidad RAFAEL ROMO GONZALEZ se compromete en hacer accesible su sitio web de conformidad con el Real Decreto 1112\/2018, sobre accesibilidad de los sitios webs y aplicaciones para dispositivos m\u00f3viles del sector p\u00fablico.\u00a0 La presente declaraci\u00f3n de accesibilidad se aplica al sitio web www.redcolmena.es \u00a0Situaci\u00f3n de cumplimiento Este sitio web es\u00a0parcialmente conforme\u00a0con el RD [&hellip;]<\/p>\n","protected":false},"author":1,"featured_media":0,"parent":0,"menu_order":0,"comment_status":"closed","ping_status":"closed","template":"","meta":{"footnotes":""},"class_list":["post-665","page","type-page","status-publish","hentry"],"yoast_head":"<!-- This site is optimized with the Yoast SEO plugin v27.0 - https:\/\/yoast.com\/product\/yoast-seo-wordpress\/ -->\n<title>Pol\u00edtica de accesibilidad - Red Colmena<\/title>\n<meta name=\"robots\" content=\"index, follow, max-snippet:-1, max-image-preview:large, max-video-preview:-1\" \/>\n<link rel=\"canonical\" href=\"https:\/\/www.redcolmena.com\/web\/politica-de-accesibilidad\/\" \/>\n<meta property=\"og:locale\" content=\"es_ES\" \/>\n<meta property=\"og:type\" content=\"article\" \/>\n<meta property=\"og:title\" content=\"Pol\u00edtica de accesibilidad - Red Colmena\" \/>\n<meta property=\"og:description\" content=\"Declaraci\u00f3n Accesibilidad RAFAEL ROMO GONZALEZ se compromete en hacer accesible su sitio web de conformidad con el Real Decreto 1112\/2018, sobre accesibilidad de los sitios webs y aplicaciones para dispositivos m\u00f3viles del sector p\u00fablico.\u00a0 La presente declaraci\u00f3n de accesibilidad se aplica al sitio web www.redcolmena.es \u00a0Situaci\u00f3n de cumplimiento Este sitio web es\u00a0parcialmente conforme\u00a0con el RD [&hellip;]\" \/>\n<meta property=\"og:url\" content=\"https:\/\/www.redcolmena.com\/web\/politica-de-accesibilidad\/\" \/>\n<meta property=\"og:site_name\" content=\"Red Colmena\" \/>\n<meta property=\"article:modified_time\" content=\"2023-03-07T08:26:23+00:00\" \/>\n<meta name=\"twitter:card\" content=\"summary_large_image\" \/>\n<meta name=\"twitter:label1\" content=\"Tiempo de lectura\" \/>\n\t<meta name=\"twitter:data1\" content=\"3 minutos\" \/>\n<script type=\"application\/ld+json\" class=\"yoast-schema-graph\">{\"@context\":\"https:\/\/schema.org\",\"@graph\":[{\"@type\":\"WebPage\",\"@id\":\"https:\/\/www.redcolmena.com\/web\/politica-de-accesibilidad\/\",\"url\":\"https:\/\/www.redcolmena.com\/web\/politica-de-accesibilidad\/\",\"name\":\"Pol\u00edtica de accesibilidad - Red Colmena\",\"isPartOf\":{\"@id\":\"https:\/\/www.redcolmena.com\/web\/#website\"},\"datePublished\":\"2023-03-07T08:23:10+00:00\",\"dateModified\":\"2023-03-07T08:26:23+00:00\",\"breadcrumb\":{\"@id\":\"https:\/\/www.redcolmena.com\/web\/politica-de-accesibilidad\/#breadcrumb\"},\"inLanguage\":\"es\",\"potentialAction\":[{\"@type\":\"ReadAction\",\"target\":[\"https:\/\/www.redcolmena.com\/web\/politica-de-accesibilidad\/\"]}]},{\"@type\":\"BreadcrumbList\",\"@id\":\"https:\/\/www.redcolmena.com\/web\/politica-de-accesibilidad\/#breadcrumb\",\"itemListElement\":[{\"@type\":\"ListItem\",\"position\":1,\"name\":\"Portada\",\"item\":\"https:\/\/www.redcolmena.com\/web\/\"},{\"@type\":\"ListItem\",\"position\":2,\"name\":\"Pol\u00edtica de accesibilidad\"}]},{\"@type\":\"WebSite\",\"@id\":\"https:\/\/www.redcolmena.com\/web\/#website\",\"url\":\"https:\/\/www.redcolmena.com\/web\/\",\"name\":\"Red Colmena\",\"description\":\"\",\"potentialAction\":[{\"@type\":\"SearchAction\",\"target\":{\"@type\":\"EntryPoint\",\"urlTemplate\":\"https:\/\/www.redcolmena.com\/web\/?s={search_term_string}\"},\"query-input\":{\"@type\":\"PropertyValueSpecification\",\"valueRequired\":true,\"valueName\":\"search_term_string\"}}],\"inLanguage\":\"es\"}]}<\/script>\n<!-- \/ Yoast SEO plugin. -->","yoast_head_json":{"title":"Pol\u00edtica de accesibilidad - Red Colmena","robots":{"index":"index","follow":"follow","max-snippet":"max-snippet:-1","max-image-preview":"max-image-preview:large","max-video-preview":"max-video-preview:-1"},"canonical":"https:\/\/www.redcolmena.com\/web\/politica-de-accesibilidad\/","og_locale":"es_ES","og_type":"article","og_title":"Pol\u00edtica de accesibilidad - Red Colmena","og_description":"Declaraci\u00f3n Accesibilidad RAFAEL ROMO GONZALEZ se compromete en hacer accesible su sitio web de conformidad con el Real Decreto 1112\/2018, sobre accesibilidad de los sitios webs y aplicaciones para dispositivos m\u00f3viles del sector p\u00fablico.\u00a0 La presente declaraci\u00f3n de accesibilidad se aplica al sitio web www.redcolmena.es \u00a0Situaci\u00f3n de cumplimiento Este sitio web es\u00a0parcialmente conforme\u00a0con el RD [&hellip;]","og_url":"https:\/\/www.redcolmena.com\/web\/politica-de-accesibilidad\/","og_site_name":"Red Colmena","article_modified_time":"2023-03-07T08:26:23+00:00","twitter_card":"summary_large_image","twitter_misc":{"Tiempo de lectura":"3 minutos"},"schema":{"@context":"https:\/\/schema.org","@graph":[{"@type":"WebPage","@id":"https:\/\/www.redcolmena.com\/web\/politica-de-accesibilidad\/","url":"https:\/\/www.redcolmena.com\/web\/politica-de-accesibilidad\/","name":"Pol\u00edtica de accesibilidad - Red Colmena","isPartOf":{"@id":"https:\/\/www.redcolmena.com\/web\/#website"},"datePublished":"2023-03-07T08:23:10+00:00","dateModified":"2023-03-07T08:26:23+00:00","breadcrumb":{"@id":"https:\/\/www.redcolmena.com\/web\/politica-de-accesibilidad\/#breadcrumb"},"inLanguage":"es","potentialAction":[{"@type":"ReadAction","target":["https:\/\/www.redcolmena.com\/web\/politica-de-accesibilidad\/"]}]},{"@type":"BreadcrumbList","@id":"https:\/\/www.redcolmena.com\/web\/politica-de-accesibilidad\/#breadcrumb","itemListElement":[{"@type":"ListItem","position":1,"name":"Portada","item":"https:\/\/www.redcolmena.com\/web\/"},{"@type":"ListItem","position":2,"name":"Pol\u00edtica de accesibilidad"}]},{"@type":"WebSite","@id":"https:\/\/www.redcolmena.com\/web\/#website","url":"https:\/\/www.redcolmena.com\/web\/","name":"Red Colmena","description":"","potentialAction":[{"@type":"SearchAction","target":{"@type":"EntryPoint","urlTemplate":"https:\/\/www.redcolmena.com\/web\/?s={search_term_string}"},"query-input":{"@type":"PropertyValueSpecification","valueRequired":true,"valueName":"search_term_string"}}],"inLanguage":"es"}]}},"_links":{"self":[{"href":"https:\/\/www.redcolmena.com\/web\/wp-json\/wp\/v2\/pages\/665","targetHints":{"allow":["GET"]}}],"collection":[{"href":"https:\/\/www.redcolmena.com\/web\/wp-json\/wp\/v2\/pages"}],"about":[{"href":"https:\/\/www.redcolmena.com\/web\/wp-json\/wp\/v2\/types\/page"}],"author":[{"embeddable":true,"href":"https:\/\/www.redcolmena.com\/web\/wp-json\/wp\/v2\/users\/1"}],"replies":[{"embeddable":true,"href":"https:\/\/www.redcolmena.com\/web\/wp-json\/wp\/v2\/comments?post=665"}],"version-history":[{"count":4,"href":"https:\/\/www.redcolmena.com\/web\/wp-json\/wp\/v2\/pages\/665\/revisions"}],"predecessor-version":[{"id":669,"href":"https:\/\/www.redcolmena.com\/web\/wp-json\/wp\/v2\/pages\/665\/revisions\/669"}],"wp:attachment":[{"href":"https:\/\/www.redcolmena.com\/web\/wp-json\/wp\/v2\/media?parent=665"}],"curies":[{"name":"wp","href":"https:\/\/api.w.org\/{rel}","templated":true}]}}